{"id":9647,"date":"2025-03-06T11:41:51","date_gmt":"2025-03-06T11:41:51","guid":{"rendered":"https:\/\/phoenixplant.ro\/index.php\/produs\/picioare-usoare-c33-ceai-la-plic\/"},"modified":"2026-04-24T09:04:52","modified_gmt":"2026-04-24T09:04:52","slug":"picioare-usoare-c33-ceai-la-plic","status":"publish","type":"product","link":"https:\/\/phoenixplant.ro\/index.php\/produs\/picioare-usoare-c33-ceai-la-plic\/","title":{"rendered":"F Ceai picioare usoare  20dz"},"content":{"rendered":"<p>Favorizeaz\u0103 circula\u0163ia sanguin\u0103 la nivelul membrelor inferioare.Reduce senza\u0163ia de picioare obosite \u015fi grele.Recomand\u0103ri:\u00a0ameliorarea senza\u0163iei de \u201epicioare grele\u201d, glezne umflate, oboseal\u0103 \u015fi sl\u0103biciune \u00een membrele inferioare.\u00a0<\/p>\n","protected":false},"excerpt":{"rendered":"<p>Favorizeaz\u0103 circula\u0163ia sanguin\u0103 la nivelul membrelor inferioare.Reduce senza\u0163ia de picioare obosite \u015fi grele.Recomand\u0103ri:\u00a0ameliorarea senza\u0163iei de \u201epicioare grele\u201d, glezne umflate, oboseal\u0103<\/p>\n","protected":false},"featured_media":9649,"comment_status":"closed","ping_status":"closed","template":"","meta":[],"product_brand":[],"product_cat":[2623],"product_tag":[],"class_list":{"0":"post-9647","1":"product","2":"type-product","3":"status-publish","4":"has-post-thumbnail","6":"product_cat-ceaiuri","8":"first","9":"instock","10":"purchasable","11":"product-type-simple"},"jetpack_sharing_enabled":true,"_links":{"self":[{"href":"https:\/\/phoenixplant.ro\/index.php\/wp-json\/wp\/v2\/product\/9647","targetHints":{"allow":["GET"]}}],"collection":[{"href":"https:\/\/phoenixplant.ro\/index.php\/wp-json\/wp\/v2\/product"}],"about":[{"href":"https:\/\/phoenixplant.ro\/index.php\/wp-json\/wp\/v2\/types\/product"}],"replies":[{"embeddable":true,"href":"https:\/\/phoenixplant.ro\/index.php\/wp-json\/wp\/v2\/comments?post=9647"}],"version-history":[{"count":2,"href":"https:\/\/phoenixplant.ro\/index.php\/wp-json\/wp\/v2\/product\/9647\/revisions"}],"predecessor-version":[{"id":17274,"href":"https:\/\/phoenixplant.ro\/index.php\/wp-json\/wp\/v2\/product\/9647\/revisions\/17274"}],"wp:featuredmedia":[{"embeddable":true,"href":"https:\/\/phoenixplant.ro\/index.php\/wp-json\/wp\/v2\/media\/9649"}],"wp:attachment":[{"href":"https:\/\/phoenixplant.ro\/index.php\/wp-json\/wp\/v2\/media?parent=9647"}],"wp:term":[{"taxonomy":"product_brand","embeddable":true,"href":"https:\/\/phoenixplant.ro\/index.php\/wp-json\/wp\/v2\/product_brand?post=9647"},{"taxonomy":"product_cat","embeddable":true,"href":"https:\/\/phoenixplant.ro\/index.php\/wp-json\/wp\/v2\/product_cat?post=9647"},{"taxonomy":"product_tag","embeddable":true,"href":"https:\/\/phoenixplant.ro\/index.php\/wp-json\/wp\/v2\/product_tag?post=9647"}],"curies":[{"name":"wp","href":"https:\/\/api.w.org\/{rel}","templated":true}]}}