{"id":7651,"date":"2025-03-06T11:03:36","date_gmt":"2025-03-06T11:03:36","guid":{"rendered":"https:\/\/phoenixplant.ro\/index.php\/produs\/faviderm-pso-2\/"},"modified":"2025-10-03T11:32:04","modified_gmt":"2025-10-03T11:32:04","slug":"faviderm-pso-2","status":"publish","type":"product","link":"https:\/\/phoenixplant.ro\/index.php\/produs\/faviderm-pso-2\/","title":{"rendered":"Faviderm PSO 2"},"content":{"rendered":"<p>protec\u0163ie \u00eempotriva psoriazisului, se asociaz\u0103 cu cura intern\u0103 de dezintoxicarea, specific\u0103 afec\u0163iunii<\/p>\n","protected":false},"excerpt":{"rendered":"<p>protec\u0163ie \u00eempotriva psoriazisului, se asociaz\u0103 cu cura intern\u0103 de dezintoxicarea, specific\u0103 afec\u0163iunii<\/p>\n","protected":false},"featured_media":7653,"comment_status":"closed","ping_status":"closed","template":"","meta":[],"product_brand":[],"product_cat":[2630],"product_tag":[],"class_list":{"0":"post-7651","1":"product","2":"type-product","3":"status-publish","4":"has-post-thumbnail","6":"product_cat-ingrijirea-pielii","8":"first","9":"onbackorder","10":"purchasable","11":"product-type-simple"},"jetpack_sharing_enabled":true,"_links":{"self":[{"href":"https:\/\/phoenixplant.ro\/index.php\/wp-json\/wp\/v2\/product\/7651","targetHints":{"allow":["GET"]}}],"collection":[{"href":"https:\/\/phoenixplant.ro\/index.php\/wp-json\/wp\/v2\/product"}],"about":[{"href":"https:\/\/phoenixplant.ro\/index.php\/wp-json\/wp\/v2\/types\/product"}],"replies":[{"embeddable":true,"href":"https:\/\/phoenixplant.ro\/index.php\/wp-json\/wp\/v2\/comments?post=7651"}],"version-history":[{"count":1,"href":"https:\/\/phoenixplant.ro\/index.php\/wp-json\/wp\/v2\/product\/7651\/revisions"}],"predecessor-version":[{"id":12681,"href":"https:\/\/phoenixplant.ro\/index.php\/wp-json\/wp\/v2\/product\/7651\/revisions\/12681"}],"wp:featuredmedia":[{"embeddable":true,"href":"https:\/\/phoenixplant.ro\/index.php\/wp-json\/wp\/v2\/media\/7653"}],"wp:attachment":[{"href":"https:\/\/phoenixplant.ro\/index.php\/wp-json\/wp\/v2\/media?parent=7651"}],"wp:term":[{"taxonomy":"product_brand","embeddable":true,"href":"https:\/\/phoenixplant.ro\/index.php\/wp-json\/wp\/v2\/product_brand?post=7651"},{"taxonomy":"product_cat","embeddable":true,"href":"https:\/\/phoenixplant.ro\/index.php\/wp-json\/wp\/v2\/product_cat?post=7651"},{"taxonomy":"product_tag","embeddable":true,"href":"https:\/\/phoenixplant.ro\/index.php\/wp-json\/wp\/v2\/product_tag?post=7651"}],"curies":[{"name":"wp","href":"https:\/\/api.w.org\/{rel}","templated":true}]}}