{"id":7592,"date":"2025-03-06T11:02:43","date_gmt":"2025-03-06T11:02:43","guid":{"rendered":"https:\/\/phoenixplant.ro\/index.php\/produs\/sanziene-capsule\/"},"modified":"2025-03-06T11:02:50","modified_gmt":"2025-03-06T11:02:50","slug":"sanziene-capsule","status":"publish","type":"product","link":"https:\/\/phoenixplant.ro\/index.php\/produs\/sanziene-capsule\/","title":{"rendered":"SANZIENE capsule"},"content":{"rendered":"<p>pentru s\u0103n\u0103tatea sistemului glandular<\/p>\n<p>reduce acumularea fluidelor din corp<\/p>\n<p>Ingrediente\/cps.: s\u00e2nziene (Galii veri herba) &#8211; 200 mg, gelatin\u0103 (capsula)<\/p>\n<p>Sus\u021bine s\u0103n\u0103tatea sistemului endocrin; protejeaz\u0103 glandele endocrine, reduce acumularea fluidelor \u00een corp, are efect favorabil pentru circula\u021bia sanguin\u0103 \u0219i limfatic\u0103, ajut\u0103 la men\u021binerea unei bune rela\u021bii sexuale (sus\u021bine s\u0103n\u0103tatea sexual\u0103); este suport pentru purificarea s\u00e2ngelui \u0219i pentru eliminarea acidului uric, reduce spasmele, mic\u0219oreaz\u0103 durerile na\u0219terii.<\/p>\n<p>Mod de folosire: ca supliment alimentar<\/p>\n<p>Doza zilnic\u0103 recomandat\u0103: 1 capsul\u0103 de 3 ori\/zi<\/p>\n","protected":false},"excerpt":{"rendered":"<p>pentru s\u0103n\u0103tatea sistemului glandular reduce acumularea fluidelor din corp Ingrediente\/cps.: s\u00e2nziene (Galii veri herba) &#8211; 200 mg, gelatin\u0103 (capsula) Sus\u021bine<\/p>\n","protected":false},"featured_media":7594,"comment_status":"closed","ping_status":"open","template":"","meta":[],"product_brand":[],"product_cat":[379],"product_tag":[],"class_list":{"0":"post-7592","1":"product","2":"type-product","3":"status-publish","4":"has-post-thumbnail","6":"product_cat-capsule-comprimate","8":"first","9":"instock","10":"purchasable","11":"product-type-simple"},"jetpack_sharing_enabled":true,"_links":{"self":[{"href":"https:\/\/phoenixplant.ro\/index.php\/wp-json\/wp\/v2\/product\/7592","targetHints":{"allow":["GET"]}}],"collection":[{"href":"https:\/\/phoenixplant.ro\/index.php\/wp-json\/wp\/v2\/product"}],"about":[{"href":"https:\/\/phoenixplant.ro\/index.php\/wp-json\/wp\/v2\/types\/product"}],"replies":[{"embeddable":true,"href":"https:\/\/phoenixplant.ro\/index.php\/wp-json\/wp\/v2\/comments?post=7592"}],"version-history":[{"count":0,"href":"https:\/\/phoenixplant.ro\/index.php\/wp-json\/wp\/v2\/product\/7592\/revisions"}],"wp:featuredmedia":[{"embeddable":true,"href":"https:\/\/phoenixplant.ro\/index.php\/wp-json\/wp\/v2\/media\/7594"}],"wp:attachment":[{"href":"https:\/\/phoenixplant.ro\/index.php\/wp-json\/wp\/v2\/media?parent=7592"}],"wp:term":[{"taxonomy":"product_brand","embeddable":true,"href":"https:\/\/phoenixplant.ro\/index.php\/wp-json\/wp\/v2\/product_brand?post=7592"},{"taxonomy":"product_cat","embeddable":true,"href":"https:\/\/phoenixplant.ro\/index.php\/wp-json\/wp\/v2\/product_cat?post=7592"},{"taxonomy":"product_tag","embeddable":true,"href":"https:\/\/phoenixplant.ro\/index.php\/wp-json\/wp\/v2\/product_tag?post=7592"}],"curies":[{"name":"wp","href":"https:\/\/api.w.org\/{rel}","templated":true}]}}