{"id":18051,"date":"2026-04-09T10:11:14","date_gmt":"2026-04-09T10:11:14","guid":{"rendered":"https:\/\/phoenixplant.ro\/?post_type=product&#038;p=18051"},"modified":"2026-04-14T10:11:24","modified_gmt":"2026-04-14T10:11:24","slug":"18051","status":"publish","type":"product","link":"https:\/\/phoenixplant.ro\/index.php\/produs\/18051\/","title":{"rendered":"A Ashwagandha ksm 600mg 30cps"},"content":{"rendered":"<h2 data-path-to-node=\"2\"><b data-path-to-node=\"2\" data-index-in-node=\"0\">Alevia Ashwagandha KSM-66\u00ae 600mg \u2013 30 Capsule Vegetale<\/b><\/h2>\n<p data-path-to-node=\"3\"><b data-path-to-node=\"3\" data-index-in-node=\"0\">Echilibru, calm \u0219i rezisten\u021b\u0103 la stres prin puterea adaptogen\u0103 pur\u0103.<\/b><\/p>\n<p data-path-to-node=\"4\"><b data-path-to-node=\"4\" data-index-in-node=\"0\">Ashwagandha KSM-66\u00ae de la Alevia<\/b> reprezint\u0103 standardul de aur \u00een suplimentarea cu extract de Ashwagandha. Utiliz\u00e2nd cea mai concentrat\u0103 \u0219i biodisponibil\u0103 form\u0103 de extract de r\u0103d\u0103cin\u0103 disponibil\u0103 pe pia\u021b\u0103, acest produs este conceput pentru a ajuta organismul s\u0103 fac\u0103 fa\u021b\u0103 stresului cotidian, sus\u021bin\u00e2nd \u00een acela\u0219i timp claritatea mental\u0103 \u0219i nivelul de energie.<\/p>\n<h3 data-path-to-node=\"5\"><b data-path-to-node=\"5\" data-index-in-node=\"0\">De ce KSM-66\u00ae este superior?<\/b><\/h3>\n<p data-path-to-node=\"6\">Spre deosebire de extractele obi\u0219nuite, <b data-path-to-node=\"6\" data-index-in-node=\"40\">KSM-66\u00ae<\/b> este un extract \u201efull-spectrum\u201d ob\u021binut printr-un proces unic, care p\u0103streaz\u0103 echilibrul natural al componentelor plantei. Este \u00eembog\u0103\u021bit cu <b data-path-to-node=\"6\" data-index-in-node=\"189\">Piperin\u0103<\/b> pentru a asigura o absorb\u021bie rapid\u0103 \u0219i eficient\u0103 \u00een organism.<\/p>\n<h3 data-path-to-node=\"7\"><b data-path-to-node=\"7\" data-index-in-node=\"0\">Beneficii Principale:<\/b><\/h3>\n<ul data-path-to-node=\"8\">\n<li>\n<p data-path-to-node=\"8,0,0\"><b data-path-to-node=\"8,0,0\" data-index-in-node=\"0\">Managementul Stresului:<\/b> Reduce nivelul de cortizol \u0219i ajut\u0103 la instalarea unei st\u0103ri de relaxare.<\/p>\n<\/li>\n<li>\n<p data-path-to-node=\"8,1,0\"><b data-path-to-node=\"8,1,0\" data-index-in-node=\"0\">Performan\u021b\u0103 Cognitiv\u0103:<\/b> Sus\u021bine memoria, aten\u021bia \u0219i func\u021biile executive \u00een perioadele solicitante.<\/p>\n<\/li>\n<li>\n<p data-path-to-node=\"8,2,0\"><b data-path-to-node=\"8,2,0\" data-index-in-node=\"0\">Calitatea Somnului:<\/b> Contribuie la un somn mai odihnitor prin calmarea sistemului nervos.<\/p>\n<\/li>\n<li>\n<p data-path-to-node=\"8,3,0\"><b data-path-to-node=\"8,3,0\" data-index-in-node=\"0\">Vigoare \u0219i Vitalitate:<\/b> \u00cembun\u0103t\u0103\u021be\u0219te rezisten\u021ba fizic\u0103 \u0219i sus\u021bine s\u0103n\u0103tatea sistemului reproduc\u0103tor.<\/p>\n<\/li>\n<li>\n<p data-path-to-node=\"8,4,0\"><b data-path-to-node=\"8,4,0\" data-index-in-node=\"0\">Efect Adaptogen:<\/b> Ajut\u0103 corpul s\u0103 se adapteze factorilor de stres externi \u0219i interni.<\/p>\n<\/li>\n<\/ul>\n<h3 data-path-to-node=\"9\"><b data-path-to-node=\"9\" data-index-in-node=\"0\">Puncte Forte:<\/b><\/h3>\n<ul data-path-to-node=\"10\">\n<li>\n<p data-path-to-node=\"10,0,0\"><b data-path-to-node=\"10,0,0\" data-index-in-node=\"0\">Concentra\u021bie optim\u0103:<\/b> 600mg per capsul\u0103, doza studiat\u0103 clinic pentru eficien\u021b\u0103 maxim\u0103.<\/p>\n<\/li>\n<li>\n<p data-path-to-node=\"10,1,0\"><b data-path-to-node=\"10,1,0\" data-index-in-node=\"0\">Absorb\u021bie sporit\u0103:<\/b> Formula cu Piperin\u0103 cre\u0219te biodisponibilitatea extractului adaptogen.<\/p>\n<\/li>\n<li>\n<p data-path-to-node=\"10,2,0\"><b data-path-to-node=\"10,2,0\" data-index-in-node=\"0\">Capsule Vegetale:<\/b> Produs ideal pentru vegetarieni \u0219i vegani.<\/p>\n<\/li>\n<li>\n<p data-path-to-node=\"10,3,0\"><b data-path-to-node=\"10,3,0\" data-index-in-node=\"0\">Puritate garantat\u0103:<\/b> F\u0103r\u0103 organisme modificate genetic (non-GMO).<\/p>\n<\/li>\n<\/ul>\n<h3 data-path-to-node=\"11\"><b data-path-to-node=\"11\" data-index-in-node=\"0\">Specifica\u021bii Produs:<\/b><\/h3>\n<ul data-path-to-node=\"12\">\n<li>\n<p data-path-to-node=\"12,0,0\"><b data-path-to-node=\"12,0,0\" data-index-in-node=\"0\">Prezentare:<\/b> Flacon cu 30 de capsule vegetale (cur\u0103 pentru 30 de zile).<\/p>\n<\/li>\n<li>\n<p data-path-to-node=\"12,1,0\"><b data-path-to-node=\"12,1,0\" data-index-in-node=\"0\">Ingrediente:<\/b> Extract de r\u0103d\u0103cin\u0103 de Ashwagandha KSM-66\u00ae, Piperin\u0103.<\/p>\n<\/li>\n<li>\n<p data-path-to-node=\"12,2,0\"><b data-path-to-node=\"12,2,0\" data-index-in-node=\"0\">Administrare:<\/b> 1 capsul\u0103 pe zi sau conform recomand\u0103rii specialistului.<\/p>\n<\/li>\n<\/ul>\n<hr data-path-to-node=\"13\" \/>\n<blockquote data-path-to-node=\"14\">\n<p data-path-to-node=\"14,0\"><b data-path-to-node=\"14,0\" data-index-in-node=\"0\">Recomandare:<\/b> Ideal pentru persoanele care traverseaz\u0103 perioade de suprasolicitare, burnout sau pentru sportivii care doresc o recuperare mai rapid\u0103 dup\u0103 efort.<\/p>\n<\/blockquote>\n","protected":false},"excerpt":{"rendered":"<p><b data-path-to-node=\"4\" data-index-in-node=\"0\">Ashwagandha KSM-66\u00ae de la Alevia<\/b> reprezint\u0103 standardul de aur \u00een suplimentarea cu extract de Ashwagandha. Utiliz\u00e2nd cea mai concentrat\u0103 \u0219i biodisponibil\u0103 form\u0103 de extract de r\u0103d\u0103cin\u0103 disponibil\u0103 pe pia\u021b\u0103, acest produs este conceput pentru a ajuta organismul s\u0103 fac\u0103 fa\u021b\u0103 stresului cotidian, sus\u021bin\u00e2nd \u00een acela\u0219i timp claritatea mental\u0103 \u0219i nivelul de energie.<\/p>\n","protected":false},"featured_media":18049,"comment_status":"open","ping_status":"closed","template":"","meta":[],"product_brand":[],"product_cat":[379],"product_tag":[],"class_list":{"0":"post-18051","1":"product","2":"type-product","3":"status-publish","4":"has-post-thumbnail","6":"product_cat-capsule-comprimate","8":"first","9":"instock","10":"sale","11":"shipping-taxable","12":"purchasable","13":"product-type-simple"},"jetpack_sharing_enabled":true,"_links":{"self":[{"href":"https:\/\/phoenixplant.ro\/index.php\/wp-json\/wp\/v2\/product\/18051","targetHints":{"allow":["GET"]}}],"collection":[{"href":"https:\/\/phoenixplant.ro\/index.php\/wp-json\/wp\/v2\/product"}],"about":[{"href":"https:\/\/phoenixplant.ro\/index.php\/wp-json\/wp\/v2\/types\/product"}],"replies":[{"embeddable":true,"href":"https:\/\/phoenixplant.ro\/index.php\/wp-json\/wp\/v2\/comments?post=18051"}],"version-history":[{"count":2,"href":"https:\/\/phoenixplant.ro\/index.php\/wp-json\/wp\/v2\/product\/18051\/revisions"}],"predecessor-version":[{"id":18053,"href":"https:\/\/phoenixplant.ro\/index.php\/wp-json\/wp\/v2\/product\/18051\/revisions\/18053"}],"wp:featuredmedia":[{"embeddable":true,"href":"https:\/\/phoenixplant.ro\/index.php\/wp-json\/wp\/v2\/media\/18049"}],"wp:attachment":[{"href":"https:\/\/phoenixplant.ro\/index.php\/wp-json\/wp\/v2\/media?parent=18051"}],"wp:term":[{"taxonomy":"product_brand","embeddable":true,"href":"https:\/\/phoenixplant.ro\/index.php\/wp-json\/wp\/v2\/product_brand?post=18051"},{"taxonomy":"product_cat","embeddable":true,"href":"https:\/\/phoenixplant.ro\/index.php\/wp-json\/wp\/v2\/product_cat?post=18051"},{"taxonomy":"product_tag","embeddable":true,"href":"https:\/\/phoenixplant.ro\/index.php\/wp-json\/wp\/v2\/product_tag?post=18051"}],"curies":[{"name":"wp","href":"https:\/\/api.w.org\/{rel}","templated":true}]}}