{"id":16687,"date":"2025-04-25T06:03:43","date_gmt":"2025-04-25T06:03:43","guid":{"rendered":"https:\/\/phoenixplant.ro\/index.php\/produs\/dermotis-venofit-crema\/"},"modified":"2026-05-17T14:11:39","modified_gmt":"2026-05-17T14:11:39","slug":"dermotis-venofit-crema","status":"publish","type":"product","link":"https:\/\/phoenixplant.ro\/index.php\/produs\/dermotis-venofit-crema\/","title":{"rendered":"T Venofit crema pentru dureri de picioare 50ml"},"content":{"rendered":"<p>Compozi\u021bie: extracte din plante (castan, sulfin\u0103, vi\u021b\u0103 de vie), excipien\u021bi.<\/p>\n<p>Propriet\u0103\u021bi:<\/p>\n<p> \tcrem\u0103 tonifiant\u0103 pentru \u00eengrijirea picioarelor obosite \u0219i umflate.<br \/>\n \tamelioreaz\u0103 disconfortul asociat durerii, crampelor musculare \u0219i tulbur\u0103rilor circula\u021biei venoase periferice, datorit\u0103 extractelor naturale.<\/p>\n<p>Mod de utilizare: se aplic\u0103 diminea\u021ba \u0219i seara sub form\u0103 de masaj ascendant.<\/p>\n<p>Prezentare:\u00a0tub x 50 ml<\/p>\n<p>Ingrediente:\u00a0Aqua, paraffinum liquidum, cetyl alcohol, Aesculus hippocastanum seed extract (semin\u021be de castan), glyceryl stearate, Melilotus officinalis extract (sulfin\u0103), cetearyl alcohol, sodium cetearyl sulfate, Vitis vinifera leaf extract (vi\u021b\u0103 de vie), cera alba, glycerin, phenoxyethanol, ceteareth-20, menthol, camphor, carbomer, ehtylhexylglycerin, BHA.<\/p>\n","protected":false},"excerpt":{"rendered":"<p>Compozi\u021bie: extracte din plante (castan, sulfin\u0103, vi\u021b\u0103 de vie), excipien\u021bi. Propriet\u0103\u021bi: crem\u0103 tonifiant\u0103 pentru \u00eengrijirea picioarelor obosite \u0219i umflate. amelioreaz\u0103<\/p>\n","protected":false},"featured_media":16689,"comment_status":"closed","ping_status":"closed","template":"","meta":[],"product_brand":[],"product_cat":[2630],"product_tag":[],"class_list":{"0":"post-16687","1":"product","2":"type-product","3":"status-publish","4":"has-post-thumbnail","6":"product_cat-ingrijirea-pielii","8":"first","9":"outofstock","10":"purchasable","11":"product-type-simple"},"jetpack_sharing_enabled":true,"_links":{"self":[{"href":"https:\/\/phoenixplant.ro\/index.php\/wp-json\/wp\/v2\/product\/16687","targetHints":{"allow":["GET"]}}],"collection":[{"href":"https:\/\/phoenixplant.ro\/index.php\/wp-json\/wp\/v2\/product"}],"about":[{"href":"https:\/\/phoenixplant.ro\/index.php\/wp-json\/wp\/v2\/types\/product"}],"replies":[{"embeddable":true,"href":"https:\/\/phoenixplant.ro\/index.php\/wp-json\/wp\/v2\/comments?post=16687"}],"version-history":[{"count":2,"href":"https:\/\/phoenixplant.ro\/index.php\/wp-json\/wp\/v2\/product\/16687\/revisions"}],"predecessor-version":[{"id":17689,"href":"https:\/\/phoenixplant.ro\/index.php\/wp-json\/wp\/v2\/product\/16687\/revisions\/17689"}],"wp:featuredmedia":[{"embeddable":true,"href":"https:\/\/phoenixplant.ro\/index.php\/wp-json\/wp\/v2\/media\/16689"}],"wp:attachment":[{"href":"https:\/\/phoenixplant.ro\/index.php\/wp-json\/wp\/v2\/media?parent=16687"}],"wp:term":[{"taxonomy":"product_brand","embeddable":true,"href":"https:\/\/phoenixplant.ro\/index.php\/wp-json\/wp\/v2\/product_brand?post=16687"},{"taxonomy":"product_cat","embeddable":true,"href":"https:\/\/phoenixplant.ro\/index.php\/wp-json\/wp\/v2\/product_cat?post=16687"},{"taxonomy":"product_tag","embeddable":true,"href":"https:\/\/phoenixplant.ro\/index.php\/wp-json\/wp\/v2\/product_tag?post=16687"}],"curies":[{"name":"wp","href":"https:\/\/api.w.org\/{rel}","templated":true}]}}