{"id":16667,"date":"2025-04-25T06:02:29","date_gmt":"2025-04-25T06:02:29","guid":{"rendered":"https:\/\/phoenixplant.ro\/index.php\/produs\/psoritis-crema-x-50ml\/"},"modified":"2026-05-17T14:11:41","modified_gmt":"2026-05-17T14:11:41","slug":"psoritis-crema-x-50ml","status":"publish","type":"product","link":"https:\/\/phoenixplant.ro\/index.php\/produs\/psoritis-crema-x-50ml\/","title":{"rendered":"T Psoritis crema 50ml"},"content":{"rendered":"<p>Propriet\u0103\u021bi:<br \/>\n&#8211; Are propriet\u0103\u021bi keratolitice, emoliente \u0219i hidratante, fiind destinat\u0103 \u00eengrijirii pielii uscate \u0219i acoperite cu scuame;<br \/>\n&#8211; Contribuie la cur\u0103\u021barea epidermei prin \u00eenl\u0103turarea scuamelor (uree) \u0219i limiteaz\u0103 procesul de formare a acestora (cafein\u0103);<br \/>\n&#8211; Are efect hidratant, emolient \u0219i reepitelizant (extracte vegetale \u0219i vitamina A);<br \/>\n&#8211; Special formulat\u0103 (baz\u0103 hidrofil\u0103) pentru a putea fi aplicat\u0103 \u0219i pe zonele acoperite cu p\u0103r; se \u00eendep\u0103rteaz\u0103 u\u0219or prin sp\u0103lare.<\/p>\n<p>Principii active:<br \/>\nuree 7%, cafein\u0103, extract uleios din germeni de gra\u0302u, extracte din plante (p\u0103tlagin\u0103, t\u0103t\u0103neas\u0103, g\u0103lbenele), vitamina A.<\/p>\n<p>Ureea\u00a0confer\u0103 produsului propriet\u0103\u0163i keratolice cu efect de cur\u0103\u0163are a epidermei prin \u00eenl\u0103turarea scuamelor.<br \/>\nAsocierea\u00a0cafeinei\u00a0limiteaz\u0103 \u015fi \u00eencetine\u015fte procesul de formare a scuamelor. \u00cen plus, cafeina are efect tonifiant asupra microcircula\u0163iei periferice.<br \/>\nIngredientele active din\u00a0extractele vegetale\u00a0\u015fi\u00a0vitamina A\u00a0m\u0103resc capacitatea de reepitelizare a pielii, av\u00e2nd efect emolient \u015fi hidratant.<\/p>\n<p>Prezentare:\u00a0tub x 50 ml<\/p>\n<p>Ingrediente: Glycerin, aqua, urea, lanolin, stearic acid, glyceryl stearate, Triticum vulgare germ extract (germeni de gr\u00e2u), sodium laureth sulfate, Plantago lanceolata leaf extract (p\u0103tlagin\u0103), salicylic acid, sodium lactate, caffeine, Symphytum officinale leaf extract (t\u0103t\u0103neas\u0103), Calendula officinalis flower extract (g\u0103lbenele), retinyl palmitate (vitamina A), lactic acid.<\/p>\n","protected":false},"excerpt":{"rendered":"<p>Propriet\u0103\u021bi: &#8211; Are propriet\u0103\u021bi keratolitice, emoliente \u0219i hidratante, fiind destinat\u0103 \u00eengrijirii pielii uscate \u0219i acoperite cu scuame; &#8211; Contribuie la<\/p>\n","protected":false},"featured_media":16669,"comment_status":"closed","ping_status":"closed","template":"","meta":[],"product_brand":[],"product_cat":[2630],"product_tag":[],"class_list":{"0":"post-16667","1":"product","2":"type-product","3":"status-publish","4":"has-post-thumbnail","6":"product_cat-ingrijirea-pielii","8":"first","9":"outofstock","10":"purchasable","11":"product-type-simple"},"jetpack_sharing_enabled":true,"_links":{"self":[{"href":"https:\/\/phoenixplant.ro\/index.php\/wp-json\/wp\/v2\/product\/16667","targetHints":{"allow":["GET"]}}],"collection":[{"href":"https:\/\/phoenixplant.ro\/index.php\/wp-json\/wp\/v2\/product"}],"about":[{"href":"https:\/\/phoenixplant.ro\/index.php\/wp-json\/wp\/v2\/types\/product"}],"replies":[{"embeddable":true,"href":"https:\/\/phoenixplant.ro\/index.php\/wp-json\/wp\/v2\/comments?post=16667"}],"version-history":[{"count":2,"href":"https:\/\/phoenixplant.ro\/index.php\/wp-json\/wp\/v2\/product\/16667\/revisions"}],"predecessor-version":[{"id":17719,"href":"https:\/\/phoenixplant.ro\/index.php\/wp-json\/wp\/v2\/product\/16667\/revisions\/17719"}],"wp:featuredmedia":[{"embeddable":true,"href":"https:\/\/phoenixplant.ro\/index.php\/wp-json\/wp\/v2\/media\/16669"}],"wp:attachment":[{"href":"https:\/\/phoenixplant.ro\/index.php\/wp-json\/wp\/v2\/media?parent=16667"}],"wp:term":[{"taxonomy":"product_brand","embeddable":true,"href":"https:\/\/phoenixplant.ro\/index.php\/wp-json\/wp\/v2\/product_brand?post=16667"},{"taxonomy":"product_cat","embeddable":true,"href":"https:\/\/phoenixplant.ro\/index.php\/wp-json\/wp\/v2\/product_cat?post=16667"},{"taxonomy":"product_tag","embeddable":true,"href":"https:\/\/phoenixplant.ro\/index.php\/wp-json\/wp\/v2\/product_tag?post=16667"}],"curies":[{"name":"wp","href":"https:\/\/api.w.org\/{rel}","templated":true}]}}