{"id":16635,"date":"2025-04-25T06:02:29","date_gmt":"2025-04-25T06:02:29","guid":{"rendered":"https:\/\/phoenixplant.ro\/index.php\/produs\/dermotis-galbenele-si-propolis-x-50ml\/"},"modified":"2026-05-17T14:11:39","modified_gmt":"2026-05-17T14:11:39","slug":"dermotis-galbenele-si-propolis-x-50ml","status":"publish","type":"product","link":"https:\/\/phoenixplant.ro\/index.php\/produs\/dermotis-galbenele-si-propolis-x-50ml\/","title":{"rendered":"TIS Dermotis galbenele si propolis 50ml"},"content":{"rendered":"<p>Propolisul are propriet\u0103\u021bi regeneratoare, antimicrobiene \u0219i cicatrizante (remediu al afec\u021biunilor pielii, r\u0103nilor superficiale \u0219i mucoaselor). G\u0103lbenelele au propriet\u0103\u021bi antiinflamatoare, intensific\u00e2nd ac\u021biunea de cicatrizare \u0219i regenerare.<\/p>\n<p>Mod de utilizare: aplica\u021bii pe pielea cur\u0103\u021bat\u0103 \u00een prealabil.<\/p>\n<p>A se p\u0103stra la temperaturi de maxim 25\u00b0C, \u00een ambalaj original.<\/p>\n<p>Contraindicat persoanelor cu hipersensibilitate la una dintre componentele produsului.<\/p>\n<p>A se folosi, de preferin\u0163\u0103, \u00eenainte de: vezi amba<\/p>\n<p>Prezentare:\u00a0tub x 50ml<\/p>\n<p>Ingrediente: petrolatum, aqua, lanolin, glyceryl stearate, Propolis extract (propolis), cera alba, paraffinum liquidum, Calendula officinalis flower extract (g\u0103lbenele), cetyl alcohol, Plantago lanceolata leaf extract (p\u0103tlagin\u0103), BHA.<\/p>\n","protected":false},"excerpt":{"rendered":"<p>Propolisul are propriet\u0103\u021bi regeneratoare, antimicrobiene \u0219i cicatrizante (remediu al afec\u021biunilor pielii, r\u0103nilor superficiale \u0219i mucoaselor). G\u0103lbenelele au propriet\u0103\u021bi antiinflamatoare, intensific\u00e2nd<\/p>\n","protected":false},"featured_media":16637,"comment_status":"closed","ping_status":"closed","template":"","meta":[],"product_brand":[],"product_cat":[2632],"product_tag":[],"class_list":{"0":"post-16635","1":"product","2":"type-product","3":"status-publish","4":"has-post-thumbnail","6":"product_cat-ingrijirea-corpului","8":"first","9":"instock","10":"purchasable","11":"product-type-simple"},"jetpack_sharing_enabled":true,"_links":{"self":[{"href":"https:\/\/phoenixplant.ro\/index.php\/wp-json\/wp\/v2\/product\/16635","targetHints":{"allow":["GET"]}}],"collection":[{"href":"https:\/\/phoenixplant.ro\/index.php\/wp-json\/wp\/v2\/product"}],"about":[{"href":"https:\/\/phoenixplant.ro\/index.php\/wp-json\/wp\/v2\/types\/product"}],"replies":[{"embeddable":true,"href":"https:\/\/phoenixplant.ro\/index.php\/wp-json\/wp\/v2\/comments?post=16635"}],"version-history":[{"count":2,"href":"https:\/\/phoenixplant.ro\/index.php\/wp-json\/wp\/v2\/product\/16635\/revisions"}],"predecessor-version":[{"id":17492,"href":"https:\/\/phoenixplant.ro\/index.php\/wp-json\/wp\/v2\/product\/16635\/revisions\/17492"}],"wp:featuredmedia":[{"embeddable":true,"href":"https:\/\/phoenixplant.ro\/index.php\/wp-json\/wp\/v2\/media\/16637"}],"wp:attachment":[{"href":"https:\/\/phoenixplant.ro\/index.php\/wp-json\/wp\/v2\/media?parent=16635"}],"wp:term":[{"taxonomy":"product_brand","embeddable":true,"href":"https:\/\/phoenixplant.ro\/index.php\/wp-json\/wp\/v2\/product_brand?post=16635"},{"taxonomy":"product_cat","embeddable":true,"href":"https:\/\/phoenixplant.ro\/index.php\/wp-json\/wp\/v2\/product_cat?post=16635"},{"taxonomy":"product_tag","embeddable":true,"href":"https:\/\/phoenixplant.ro\/index.php\/wp-json\/wp\/v2\/product_tag?post=16635"}],"curies":[{"name":"wp","href":"https:\/\/api.w.org\/{rel}","templated":true}]}}