{"id":16390,"date":"2025-04-25T05:53:12","date_gmt":"2025-04-25T05:53:12","guid":{"rendered":"https:\/\/phoenixplant.ro\/index.php\/produs\/q4u-sampon-cu-brusture-si-urzica-x-250ml\/"},"modified":"2026-05-17T14:11:42","modified_gmt":"2026-05-17T14:11:42","slug":"q4u-sampon-cu-brusture-si-urzica-x-250ml","status":"publish","type":"product","link":"https:\/\/phoenixplant.ro\/index.php\/produs\/q4u-sampon-cu-brusture-si-urzica-x-250ml\/","title":{"rendered":"T Q4U  Sampon brusture si urzica 250ml"},"content":{"rendered":"<p>Asocierea extractelor din plante (brusture, urzic\u0103, p\u0103tlagin\u0103, Aloe Vera), cu D-pantenol \u0219i keratin\u0103 confer\u0103 \u0219amponului propriet\u0103\u0163i hidratante \u0219i nutritive.<br \/>\n\u0218amponul ac\u0163ioneaz\u0103 \u00eempotriva secre\u0163iilor seboreice abundente, prevenind astfel formarea m\u0103tre\u0163ii. Produsul a fost special conceput pentru a degresa eficient firul de p\u0103r.<br \/>\nDup\u0103 sp\u0103lare, p\u0103rul devine mai str\u0103lucitor, mai rezistent, rec\u0103p\u0103t\u00e2ndu-\u015fi elasticitatea \u015fi prospe\u0163imea natural\u0103.<\/p>\n<p>Principii active:<br \/>\nkeratin\u0103, extracte din plante (brusture, urzic\u0103, p\u0103tlagin\u0103, Aloe Vera), D-pantenol.<\/p>\n<p>Utilizare:<br \/>\nse aplic\u0103 pe p\u0103rul ud, se maseaz\u0103 u\u015for 2-3 minute, apoi se cl\u0103te\u015fte cu ap\u0103 cald\u0103 din abunden\u0163\u0103<\/p>\n<p>Prezentare:\u00a0flacon x 250ml<\/p>\n<p>Ingrediente: Aqua, cocamidopropyl betaine, sodium laureth sulfate, polyquaternium-7, disodium laureth sulfosuccinate, coco-glucoside, glyceryl oleate, Plantago lanceolate leaf extract (p\u0103tlagin\u0103), Arctium lappa root extract (brusture), Urtica dioica extract (urzic\u0103), lauramine oxide, phenoxyethanol, cocamide dea, Aloe barbadensis leaf extract (Aloe vera), hydrolyzed keratin, salicylic acid, ethylhexylglycerin, glycerin, panthenol, parfum.<\/p>\n","protected":false},"excerpt":{"rendered":"<p>Asocierea extractelor din plante (brusture, urzic\u0103, p\u0103tlagin\u0103, Aloe Vera), cu D-pantenol \u0219i keratin\u0103 confer\u0103 \u0219amponului propriet\u0103\u0163i hidratante \u0219i nutritive. \u0218amponul<\/p>\n","protected":false},"featured_media":0,"comment_status":"closed","ping_status":"closed","template":"","meta":[],"product_brand":[],"product_cat":[2629],"product_tag":[],"class_list":{"0":"post-16390","1":"product","2":"type-product","3":"status-publish","5":"product_cat-produse-pentru-par","7":"first","8":"instock","9":"purchasable","10":"product-type-simple"},"jetpack_sharing_enabled":true,"_links":{"self":[{"href":"https:\/\/phoenixplant.ro\/index.php\/wp-json\/wp\/v2\/product\/16390","targetHints":{"allow":["GET"]}}],"collection":[{"href":"https:\/\/phoenixplant.ro\/index.php\/wp-json\/wp\/v2\/product"}],"about":[{"href":"https:\/\/phoenixplant.ro\/index.php\/wp-json\/wp\/v2\/types\/product"}],"replies":[{"embeddable":true,"href":"https:\/\/phoenixplant.ro\/index.php\/wp-json\/wp\/v2\/comments?post=16390"}],"version-history":[{"count":2,"href":"https:\/\/phoenixplant.ro\/index.php\/wp-json\/wp\/v2\/product\/16390\/revisions"}],"predecessor-version":[{"id":17732,"href":"https:\/\/phoenixplant.ro\/index.php\/wp-json\/wp\/v2\/product\/16390\/revisions\/17732"}],"wp:attachment":[{"href":"https:\/\/phoenixplant.ro\/index.php\/wp-json\/wp\/v2\/media?parent=16390"}],"wp:term":[{"taxonomy":"product_brand","embeddable":true,"href":"https:\/\/phoenixplant.ro\/index.php\/wp-json\/wp\/v2\/product_brand?post=16390"},{"taxonomy":"product_cat","embeddable":true,"href":"https:\/\/phoenixplant.ro\/index.php\/wp-json\/wp\/v2\/product_cat?post=16390"},{"taxonomy":"product_tag","embeddable":true,"href":"https:\/\/phoenixplant.ro\/index.php\/wp-json\/wp\/v2\/product_tag?post=16390"}],"curies":[{"name":"wp","href":"https:\/\/api.w.org\/{rel}","templated":true}]}}