{"id":11905,"date":"2025-03-31T08:40:36","date_gmt":"2025-03-31T08:40:36","guid":{"rendered":"https:\/\/phoenixplant.ro\/index.php\/produs\/polygemma-5-cavitate-bucala-si-gat\/"},"modified":"2025-06-15T11:45:20","modified_gmt":"2025-06-15T11:45:20","slug":"polygemma-5-cavitate-bucala-si-gat","status":"publish","type":"product","link":"https:\/\/phoenixplant.ro\/index.php\/produs\/polygemma-5-cavitate-bucala-si-gat\/","title":{"rendered":"Polygemma 5 &#8211; Cavitate Bucal\u0103 \u015fi G\u00e2t"},"content":{"rendered":"<p><strong>Sus\u0163ine s\u0103n\u0103tatea cavit\u0103\u0163ii bucale \u015fi a g\u00e2tului prin \u00eent\u00e3rirea sistemului de ap\u0103rare a organismului.&nbsp;<\/strong><\/p>\n<h4 id=\"combina\u0163ie-de-extracte-gemoterapice-din-muguri-de-vi\u0163\u0103-de-vie,-ml\u0103di\u0163e-de-m\u0103ce\u015f-\u015fi-afin-cu-extract-fitoterapic---suc-de-echinacea-purpurea-herba\">Combina\u0163ie de extracte gemoterapice din muguri de Vi\u0163\u0103 de vie, ml\u0103di\u0163e de M\u0103ce\u015f \u015fi Afin cu extract fitoterapic &#8211; suc de Echinacea purpurea herba<\/h4>\n<p>Ac\u0163iune antiseptic\u0103, astringent\u0103, cicatrizant\u0103 \u015fi antiinflamatoare<br \/>Cre\u015fte capacipatea de ap\u0103rare a organismului<br \/>Vitaminizant (\u00een special vitaminele A \u015fi C), antioxidant<br \/>Recomandat \u015fi pentru sc\u0103derea valorilor ASLO<\/p>\n<p><strong>Mod de administrare:<\/strong> pentru adul\u0163i \u015fi copii peste 7 ani, se recomand\u0103 administrarea a c\u00e2te 2 ml de 2-3 ori pe zi, diluate \u00een pu\u0163in\u0103 ap\u0103, \u00eenainte de mese, timp de minim 7 zile. Pentru copiii \u00eentre 2 \u015fi 7 ani doza se reduce la jum\u0103tate.<br \/><strong>\u00cen cazuri recidivante<\/strong> se recomand\u0103 cure de 1-2 luni.<\/p>\n","protected":false},"excerpt":{"rendered":"<p>Sus\u0163ine s\u0103n\u0103tatea cavit\u0103\u0163ii bucale \u015fi a g\u00e2tului prin \u00eent\u00e3rirea sistemului de ap\u0103rare a organismului.&nbsp; Combina\u0163ie de extracte gemoterapice din muguri<\/p>\n","protected":false},"featured_media":12094,"comment_status":"closed","ping_status":"closed","template":"","meta":[],"product_brand":[],"product_cat":[2645],"product_tag":[],"class_list":{"0":"post-11905","1":"product","2":"type-product","3":"status-publish","4":"has-post-thumbnail","6":"product_cat-polygemma","8":"first","9":"instock","10":"purchasable","11":"product-type-simple"},"jetpack_sharing_enabled":true,"_links":{"self":[{"href":"https:\/\/phoenixplant.ro\/index.php\/wp-json\/wp\/v2\/product\/11905","targetHints":{"allow":["GET"]}}],"collection":[{"href":"https:\/\/phoenixplant.ro\/index.php\/wp-json\/wp\/v2\/product"}],"about":[{"href":"https:\/\/phoenixplant.ro\/index.php\/wp-json\/wp\/v2\/types\/product"}],"replies":[{"embeddable":true,"href":"https:\/\/phoenixplant.ro\/index.php\/wp-json\/wp\/v2\/comments?post=11905"}],"version-history":[{"count":1,"href":"https:\/\/phoenixplant.ro\/index.php\/wp-json\/wp\/v2\/product\/11905\/revisions"}],"predecessor-version":[{"id":11906,"href":"https:\/\/phoenixplant.ro\/index.php\/wp-json\/wp\/v2\/product\/11905\/revisions\/11906"}],"wp:featuredmedia":[{"embeddable":true,"href":"https:\/\/phoenixplant.ro\/index.php\/wp-json\/wp\/v2\/media\/12094"}],"wp:attachment":[{"href":"https:\/\/phoenixplant.ro\/index.php\/wp-json\/wp\/v2\/media?parent=11905"}],"wp:term":[{"taxonomy":"product_brand","embeddable":true,"href":"https:\/\/phoenixplant.ro\/index.php\/wp-json\/wp\/v2\/product_brand?post=11905"},{"taxonomy":"product_cat","embeddable":true,"href":"https:\/\/phoenixplant.ro\/index.php\/wp-json\/wp\/v2\/product_cat?post=11905"},{"taxonomy":"product_tag","embeddable":true,"href":"https:\/\/phoenixplant.ro\/index.php\/wp-json\/wp\/v2\/product_tag?post=11905"}],"curies":[{"name":"wp","href":"https:\/\/api.w.org\/{rel}","templated":true}]}}