{"id":11895,"date":"2025-03-31T08:40:36","date_gmt":"2025-03-31T08:40:36","guid":{"rendered":"https:\/\/phoenixplant.ro\/index.php\/produs\/mesteacan-extract-din-seva-de-mesteacan-betula-linfa-mgd1\/"},"modified":"2026-05-17T14:11:39","modified_gmt":"2026-05-17T14:11:39","slug":"mesteacan-extract-din-seva-de-mesteacan-betula-linfa-mgd1","status":"publish","type":"product","link":"https:\/\/phoenixplant.ro\/index.php\/produs\/mesteacan-extract-din-seva-de-mesteacan-betula-linfa-mgd1\/","title":{"rendered":"P Extract din seva mesteacan 50 ml"},"content":{"rendered":"<p><strong>Nivele de ac\u0163iune:<\/strong> detoxifiant general, aparat urinar, osteoarticular,endocrin, \u0163esut cutanat, mucoase.<\/p>\n<p>Extractul gemoterapic este ob\u0163inut din seva recoltat\u0103 de la Mesteac\u0103n* (Betula linfa), prelucrat\u0103 conform re\u0163etei farmaceutice de macerat glicerinic. Con\u0163ine alcool etilic de cereale 18% vol.<br \/><em>* Recoltare ecologic\u0103.<\/em><br \/>Certificare ecologic\u0103 EcoInspect Ro-008.<\/p>\n<p><strong>Recomand\u0103ri principale:<\/strong><br \/><strong>Detoxifiere:<\/strong> stimularea diurezei; detoxifiere la nivelul articula\u0163iilor (ajut\u0103 la eliminarea acidului uric depus pe articula\u0163ii); se recomand\u0103 cure de detoxifiere de o lun\u0103 de zile prim\u0103vara \u015fi toamna;<br \/><strong>Sistem circulator:<\/strong> ajut\u0103 la sc\u0103derea nivelului colesterolului.<br \/><strong>Piele:<\/strong> \u00eembun\u0103t\u0103\u0163e\u015fte elasticitatea pielii, reduce celulita.<br \/><strong>Cavitate bucal\u0103:<\/strong> ajut\u0103 la men\u0163inerea s\u0103n\u0103t\u0103\u0163ii cavit\u0103\u0163ii bucale (afte, stomatite aftoase).<\/p>\n<h4>Propuneri de asocieri cu alte produse gemoterapice:<\/h4>\n<ul>\n<li>\u00een cure de detoxifiere, prim\u0103vara \u015fi toamna, cu Extract din ml\u0103di\u0163e de Rozmarin &#8211; Rosmarinus officinalis MG=D1 (pentru ficat \u015fi vezic\u0103 biliar\u0103) \u015fi Extract din muguri de Stejar &#8211; Quercus pedunculata MG=D1(stimularea peristaltismului intestinal \u015fi antiastenic);<\/li>\n<li>\u00een cure de sl\u0103bire,cu Extract din amen\u0163i de Mesteac\u0103n &#8211; Betula pubescens amenti MG=D1, Extract din muguri de Fag &#8211; Fagus sylvatica MG=D1 \u015fi eventual Extract din scoar\u0163\u0103 de L\u0103m\u00e2i &#8211; Citrus limonum cortex MG=D1(protejeaz\u0103 pielea \u00eempotriva unei relax\u0103ri excesive);<\/li>\n<li>\u00een hiperuricemie cu Extract din muguri de Frasin &#8211; Fraxinus excelsior MG=D1;<\/li>\n<li>\u00een celulit\u0103 cu Extract din muguri de Castan comestibil &#8211; Castanea vesca MG=D1\u015fi Extract din muguri de Fag &#8211; Fagus sylvatica MG=D1;<\/li>\n<li>\u00een alopecie seboreic\u0103, cu Extract din muguri de Ulm &#8211; Ulmus campestris MG=D1;<\/li>\n<li>\u00een caz de piele inelastic\u0103, f\u0103r\u0103 str\u0103lucire, cu Extract din muguri de Platan- Platanus orientalis MG=D1.<\/li>\n<li>\u00een afte, stomatite aftoase, cu Extract din ml\u0103di\u0163e de Lemn c\u00e2inesc \u2013 Ligustrum vulgare MG=D1; recomand\u0103m \u015fi administrarea local\u0103 (badijonaj sau gargar\u0103) cu preparatul MIRA \u2013 ap\u0103 de gur\u0103.<\/li>\n<\/ul>\n<p class=\"alert alert-info\"><strong>Obs:<\/strong> propunerile de asocieri de gemoterapice sunt orientative \u015fi nu exclud \u015fi alte posibilit\u0103\u0163i de asociere de produse, adaptate la necesit\u0103\u0163ile specifice fiec\u0103rei persoane.<\/p>\n<p><strong>Modul de administrare:<\/strong> <br \/>Adul\u0163i \u015fi copii peste 7 ani: \u00een general, c\u00e2te 2 ml, \u00een pu\u0163in\u0103 ap\u0103, de 2 ori pe zi, diminea\u0163a \u015fi seara, \u00eenainte de mese. <br \/>1 ml=aprox. 25 de pic\u0103turi<br \/>\u00cen cazul asocierii cu alte extracte gemoterapice, se va administra o dat\u0103 pe zi.<br \/>Durata administr\u0103rii poate varia \u00eentre 1-3 luni de zile. Se poate repeta administrarea dup\u0103 1 sau 2 luni de pauz\u0103.<\/p>\n<p>Nu se cunosc reac\u0163ii adverse sau contraindica\u0163ii.<\/p>\n","protected":false},"excerpt":{"rendered":"<p>Nivele de ac\u0163iune: detoxifiant general, aparat urinar, osteoarticular,endocrin, \u0163esut cutanat, mucoase. Extractul gemoterapic este ob\u0163inut din seva recoltat\u0103 de la<\/p>\n","protected":false},"featured_media":12125,"comment_status":"closed","ping_status":"closed","template":"","meta":[],"product_brand":[],"product_cat":[2644],"product_tag":[],"class_list":{"0":"post-11895","1":"product","2":"type-product","3":"status-publish","4":"has-post-thumbnail","6":"product_cat-extracte","8":"first","9":"instock","10":"purchasable","11":"product-type-simple"},"jetpack_sharing_enabled":true,"_links":{"self":[{"href":"https:\/\/phoenixplant.ro\/index.php\/wp-json\/wp\/v2\/product\/11895","targetHints":{"allow":["GET"]}}],"collection":[{"href":"https:\/\/phoenixplant.ro\/index.php\/wp-json\/wp\/v2\/product"}],"about":[{"href":"https:\/\/phoenixplant.ro\/index.php\/wp-json\/wp\/v2\/types\/product"}],"replies":[{"embeddable":true,"href":"https:\/\/phoenixplant.ro\/index.php\/wp-json\/wp\/v2\/comments?post=11895"}],"version-history":[{"count":2,"href":"https:\/\/phoenixplant.ro\/index.php\/wp-json\/wp\/v2\/product\/11895\/revisions"}],"predecessor-version":[{"id":17768,"href":"https:\/\/phoenixplant.ro\/index.php\/wp-json\/wp\/v2\/product\/11895\/revisions\/17768"}],"wp:featuredmedia":[{"embeddable":true,"href":"https:\/\/phoenixplant.ro\/index.php\/wp-json\/wp\/v2\/media\/12125"}],"wp:attachment":[{"href":"https:\/\/phoenixplant.ro\/index.php\/wp-json\/wp\/v2\/media?parent=11895"}],"wp:term":[{"taxonomy":"product_brand","embeddable":true,"href":"https:\/\/phoenixplant.ro\/index.php\/wp-json\/wp\/v2\/product_brand?post=11895"},{"taxonomy":"product_cat","embeddable":true,"href":"https:\/\/phoenixplant.ro\/index.php\/wp-json\/wp\/v2\/product_cat?post=11895"},{"taxonomy":"product_tag","embeddable":true,"href":"https:\/\/phoenixplant.ro\/index.php\/wp-json\/wp\/v2\/product_tag?post=11895"}],"curies":[{"name":"wp","href":"https:\/\/api.w.org\/{rel}","templated":true}]}}