{"id":11889,"date":"2025-03-31T08:40:36","date_gmt":"2025-03-31T08:40:36","guid":{"rendered":"https:\/\/phoenixplant.ro\/index.php\/produs\/frasin-extract-din-seminte-de-frasin-fraxinus-excelsior-semi-mgd1\/"},"modified":"2026-05-17T14:11:40","modified_gmt":"2026-05-17T14:11:40","slug":"frasin-extract-din-seminte-de-frasin-fraxinus-excelsior-semi-mgd1","status":"publish","type":"product","link":"https:\/\/phoenixplant.ro\/index.php\/produs\/frasin-extract-din-seminte-de-frasin-fraxinus-excelsior-semi-mgd1\/","title":{"rendered":"P Extract din muguri de frasin 50 ml"},"content":{"rendered":"<p><strong>Niveluri de ac\u0163iune:<\/strong> aparat genital masculin.<\/p>\n<p>Extractul gemoterapic este ob\u0163inut din semin\u0163e proaspete de *Frasin (Fraxinus excelsior), prelucrate conform re\u0163etei farmaceutice de macerat glicerinic.<br \/>Con\u0163ine alcool etilic de cereale 18% vol.<br \/><em>* Plant\u0103 recoltat\u0103 ecologic. Certificare ecologic\u0103 EcoInspect Ro-008.<\/em><\/p>\n<p><strong>Recomand\u0103ri principale:<\/strong> \u00eembun\u0103t\u0103\u0163irea poten\u0163ei \u00een tulbur\u0103ri de libidou, \u00een st\u0103ri de astenie sexual\u0103 sau senescen\u0163\u0103 sexual\u0103.<\/p>\n<h4>Propuneri de asocieri cu alte produse gemoterapice:<\/h4>\n<ul>\n<li>\u00een general, pentru \u00eembun\u0103t\u0103\u0163irea poten\u0163ei, cu Extract din amen\u0163i de Mesteac\u0103n &#8211; Betula pubescens amenti MG=D1 \u015fi Extract din muguri de Stejar &#8211; Quercus pedunculata MG=D1;<\/li>\n<li>\u00een senescen\u0163\u0103 sexual\u0103, cu Extract din ghinde de Stejar &#8211; Quercus pedunculata ghiande MG=D1\u015fi Extract din ml\u0103di\u0163e de Sequoia &#8211; Sequoia gigantea MG=D1;<\/li>\n<li>\u00een st\u0103ri de astenie sexual\u0103 la tineri, cu Extract din amen\u0163i de Stejar &#8211; Quercus pedunculata amenti MG=D1.<\/li>\n<\/ul>\n<p class=\"info\"><strong>Obs:<\/strong> propunerile de asocieri de gemoterapice sunt orientative \u015fi nu exclud \u015fi alte posibilit\u0103\u0163i de asociere de produse, adaptate la necesit\u0103\u0163ile specifice fiec\u0103rei persoane.<\/p>\n<p><strong>Modul de administrare:<\/strong> <br \/>Adul\u0163i: \u00een general, c\u00e2te 2 ml, \u00een pu\u0163in\u0103 ap\u0103, de 2-3 ori pe zi, \u00eenainte de mese.<br \/>1 ml=aprox. 25 de pic\u0103turi<br \/>\u00cen cazul asocierii cu alte extracte gemoterapice, se va administra o dat\u0103 pe zi.<br \/>Durata administr\u0103rii poate varia \u00eentre 1-3 luni de zile. Se poate repeta administrarea dup\u0103 1 sau 2 luni de pauz\u0103.<\/p>\n<p>Nu se cunosc reac\u0163ii adverse sau contraindica\u0163ii.<\/p>\n","protected":false},"excerpt":{"rendered":"<p>Niveluri de ac\u0163iune: aparat genital masculin. Extractul gemoterapic este ob\u0163inut din semin\u0163e proaspete de *Frasin (Fraxinus excelsior), prelucrate conform re\u0163etei<\/p>\n","protected":false},"featured_media":12122,"comment_status":"closed","ping_status":"closed","template":"","meta":[],"product_brand":[],"product_cat":[2644],"product_tag":[],"class_list":{"0":"post-11889","1":"product","2":"type-product","3":"status-publish","4":"has-post-thumbnail","6":"product_cat-extracte","8":"first","9":"instock","10":"purchasable","11":"product-type-simple"},"jetpack_sharing_enabled":true,"_links":{"self":[{"href":"https:\/\/phoenixplant.ro\/index.php\/wp-json\/wp\/v2\/product\/11889","targetHints":{"allow":["GET"]}}],"collection":[{"href":"https:\/\/phoenixplant.ro\/index.php\/wp-json\/wp\/v2\/product"}],"about":[{"href":"https:\/\/phoenixplant.ro\/index.php\/wp-json\/wp\/v2\/types\/product"}],"replies":[{"embeddable":true,"href":"https:\/\/phoenixplant.ro\/index.php\/wp-json\/wp\/v2\/comments?post=11889"}],"version-history":[{"count":2,"href":"https:\/\/phoenixplant.ro\/index.php\/wp-json\/wp\/v2\/product\/11889\/revisions"}],"predecessor-version":[{"id":17836,"href":"https:\/\/phoenixplant.ro\/index.php\/wp-json\/wp\/v2\/product\/11889\/revisions\/17836"}],"wp:featuredmedia":[{"embeddable":true,"href":"https:\/\/phoenixplant.ro\/index.php\/wp-json\/wp\/v2\/media\/12122"}],"wp:attachment":[{"href":"https:\/\/phoenixplant.ro\/index.php\/wp-json\/wp\/v2\/media?parent=11889"}],"wp:term":[{"taxonomy":"product_brand","embeddable":true,"href":"https:\/\/phoenixplant.ro\/index.php\/wp-json\/wp\/v2\/product_brand?post=11889"},{"taxonomy":"product_cat","embeddable":true,"href":"https:\/\/phoenixplant.ro\/index.php\/wp-json\/wp\/v2\/product_cat?post=11889"},{"taxonomy":"product_tag","embeddable":true,"href":"https:\/\/phoenixplant.ro\/index.php\/wp-json\/wp\/v2\/product_tag?post=11889"}],"curies":[{"name":"wp","href":"https:\/\/api.w.org\/{rel}","templated":true}]}}