{"id":11873,"date":"2025-03-31T08:40:12","date_gmt":"2025-03-31T08:40:12","guid":{"rendered":"https:\/\/phoenixplant.ro\/index.php\/produs\/stejar-extract-din-muguri-de-stejar-quercus-pedunculata-mgd1\/"},"modified":"2026-05-17T14:11:40","modified_gmt":"2026-05-17T14:11:40","slug":"stejar-extract-din-muguri-de-stejar-quercus-pedunculata-mgd1","status":"publish","type":"product","link":"https:\/\/phoenixplant.ro\/index.php\/produs\/stejar-extract-din-muguri-de-stejar-quercus-pedunculata-mgd1\/","title":{"rendered":"P Extract muguri de stejar 50ml"},"content":{"rendered":"<p><strong>Niveluri de ac\u0163iune:<\/strong> glande suprarenale, cavitate bucal\u0103, intestin, gonade masculine \u015fi feminine, vase arteriale, aparat genito-urinar.<\/p>\n<p><strong>Recomand\u0103ri principale:<\/strong><br \/><strong>Tonic, drenor general:<\/strong> ajut\u0103 la ameliorarea asteniei fizice \u015fi psihice. Ajut\u0103 la detoxifierea general\u0103 a organismului.<br \/><strong>Cavitate bucal\u0103:<\/strong> ajut\u0103 la ameliorarea simptomelor din afec\u0163iuni gingivale.<br \/><strong>Intestin:<\/strong> ajut\u0103 la reglarea func\u0163iei intestinale \u00een constipa\u0163ie.<\/p>\n<h4>Propuneri de asocieri cu alte produse gemoterapice:<\/h4>\n<ul>\n<li>\u00een st\u0103ri de surmenaj fizic \u015fi intelectual, cu Extract din muguri de Porumbar &#8211; Prunus spinosa MG=D1 (debilitate psiho-fizic\u0103 ) \u015fi Extract din muguri de M\u0103ce\u015f &#8211; Rosa canina MG=D1sau Extract din muguri de C\u0103tin\u0103 alb\u0103 &#8211; Hippophae rhamnoides MG=D1;<\/li>\n<li>pentru sus\u0163inerea activit\u0103\u0163ii fizice (sportivi) \u015fi intelectuale, cu Extract din muguri de M\u0103r &#8211; Malus sylvestris MG=D1;<\/li>\n<li>prim\u0103vara, pentru detoxifiere (stimularea peristaltismului intestinal \u015fi antiastenic), cu Extract din sev\u0103 de Mesteac\u0103n &#8211; Betula linfa MG=D1(detoxifiere la nivel renal, al articula\u0163iilor \u015fi al pielii) \u015fi Extract din ml\u0103di\u0163e de Rozmarin &#8211; Rosmarinus officinalis MG=D1 (hepatoregenerator, coleretic \u015fi colagog);<\/li>\n<li>pentru sus\u0163inerea integrit\u0103\u0163ii gingivale, cu Extract din muguri de Brad &#8211; Abies pectinata MG=D1 \u015fi Extract din muguri de Mesteac\u0103n pufos &#8211; Betula pubescens MG=D1;<\/li>\n<li>\u00een general, pentru \u00eembun\u0103t\u0103\u0163irea poten\u0163ei, cu Extract din amen\u0163i de Mesteac\u0103n &#8211; Betula pubescens amenti MG=D1 \u015fi Extract din semin\u0163e de Frasin &#8211; Fraxinus excelsior semi MG=D1;<\/li>\n<li>la femei, \u00een diminuarea libidoului, cu Extract din ml\u0103di\u0163e de Zmeur &#8211; Rubus idaeus MG=D1 \u015fi Extract din amen\u0163i de Mesteac\u0103n &#8211; Betula pubescens amenti MG=D1;<\/li>\n<li>\u00een incontinen\u0163\u0103 urinar\u0103, cu Extract din ml\u0103di\u0163e de Afin &#8211; Vaccinium myrtillus MG=D1;<\/li>\n<li>pentru reglarea func\u0163iei intestinale \u00een constipa\u0163ie, cure cu Extract din ml\u0103di\u0163e de Meri\u015for &#8211; Vaccinium vitis idaea MG=D1.<\/li>\n<\/ul>\n<p><strong>Modul de administrare:<\/strong> <br \/>Adul\u0163i \u015fi copii peste 7 ani: \u00een general, c\u00e2te 2 ml, \u00een pu\u0163in\u0103 ap\u0103, de 2 ori pe zi, \u00eenainte de mese.<br \/>\u00cen caz de asociere cu alte gemoterapice, \u00een general 3 ml, \u00een pu\u0163in\u0103 ap\u0103, o dat\u0103 pe zi, \u00eenainte de mas\u0103.<br \/>1 ml=aprox. 25 de pic\u0103turi<br \/>Durata administr\u0103rii poate varia \u00eentre 1-3 luni de zile. Se poate repeta administrarea dup\u0103 1 sau 2 luni de pauz\u0103.<\/p>\n<p>Nu se cunosc reac\u0163ii adverse sau contraindica\u0163ii.<\/p>\n","protected":false},"excerpt":{"rendered":"<p>Niveluri de ac\u0163iune: glande suprarenale, cavitate bucal\u0103, intestin, gonade masculine \u015fi feminine, vase arteriale, aparat genito-urinar. Recomand\u0103ri principale:Tonic, drenor general:<\/p>\n","protected":false},"featured_media":12079,"comment_status":"closed","ping_status":"closed","template":"","meta":[],"product_brand":[],"product_cat":[2644],"product_tag":[],"class_list":{"0":"post-11873","1":"product","2":"type-product","3":"status-publish","4":"has-post-thumbnail","6":"product_cat-extracte","8":"first","9":"instock","10":"purchasable","11":"product-type-simple"},"jetpack_sharing_enabled":true,"_links":{"self":[{"href":"https:\/\/phoenixplant.ro\/index.php\/wp-json\/wp\/v2\/product\/11873","targetHints":{"allow":["GET"]}}],"collection":[{"href":"https:\/\/phoenixplant.ro\/index.php\/wp-json\/wp\/v2\/product"}],"about":[{"href":"https:\/\/phoenixplant.ro\/index.php\/wp-json\/wp\/v2\/types\/product"}],"replies":[{"embeddable":true,"href":"https:\/\/phoenixplant.ro\/index.php\/wp-json\/wp\/v2\/comments?post=11873"}],"version-history":[{"count":2,"href":"https:\/\/phoenixplant.ro\/index.php\/wp-json\/wp\/v2\/product\/11873\/revisions"}],"predecessor-version":[{"id":17838,"href":"https:\/\/phoenixplant.ro\/index.php\/wp-json\/wp\/v2\/product\/11873\/revisions\/17838"}],"wp:featuredmedia":[{"embeddable":true,"href":"https:\/\/phoenixplant.ro\/index.php\/wp-json\/wp\/v2\/media\/12079"}],"wp:attachment":[{"href":"https:\/\/phoenixplant.ro\/index.php\/wp-json\/wp\/v2\/media?parent=11873"}],"wp:term":[{"taxonomy":"product_brand","embeddable":true,"href":"https:\/\/phoenixplant.ro\/index.php\/wp-json\/wp\/v2\/product_brand?post=11873"},{"taxonomy":"product_cat","embeddable":true,"href":"https:\/\/phoenixplant.ro\/index.php\/wp-json\/wp\/v2\/product_cat?post=11873"},{"taxonomy":"product_tag","embeddable":true,"href":"https:\/\/phoenixplant.ro\/index.php\/wp-json\/wp\/v2\/product_tag?post=11873"}],"curies":[{"name":"wp","href":"https:\/\/api.w.org\/{rel}","templated":true}]}}