{"id":11867,"date":"2025-03-31T08:40:12","date_gmt":"2025-03-31T08:40:12","guid":{"rendered":"https:\/\/phoenixplant.ro\/index.php\/produs\/sanger-extract-din-muguri-de-sanger-cornus-sanguinea-mgd1\/"},"modified":"2025-03-31T08:40:14","modified_gmt":"2025-03-31T08:40:14","slug":"sanger-extract-din-muguri-de-sanger-cornus-sanguinea-mgd1","status":"publish","type":"product","link":"https:\/\/phoenixplant.ro\/index.php\/produs\/sanger-extract-din-muguri-de-sanger-cornus-sanguinea-mgd1\/","title":{"rendered":"S\u00c2NGER  &#8211; Extract din muguri de S\u00e2nger &#8211; Cornus sanguinea MG=D1"},"content":{"rendered":"<p><strong>Niveluri de ac\u0163iune:<\/strong> sistem cardiovascular, factori de coagulare, tiroid\u0103.<\/p>\n<p><strong>Recomand\u0103ri principale:<\/strong><br \/><strong>S\u00e2nge:<\/strong> indicat c\u00e2nd testul rezisten\u0163ei la heparin\u0103 este crescut (ac\u0163iune anticoagulant\u0103).<\/p>\n<p><strong>Modul de administrare:<\/strong> <br \/>Adul\u0163i: \u00een general, 2-3 ml, \u00een pu\u0163in\u0103 ap\u0103, o dat\u0103 pe zi, \u00eenainte de mas\u0103. <br \/>1 ml=aprox. 25 de pic\u0103turi<br \/>Durata administr\u0103rii poate varia \u00eentre 1-3 luni de zile. Se poate repeta administrarea dup\u0103 1 sau 2 luni de pauz\u0103.<\/p>\n<p class=\"warning\"><strong>Aten\u0163ionare:<\/strong><br \/>Se recomand\u0103 verificarea periodic\u0103 a timpului de s\u00e2ngerare.<\/p>\n","protected":false},"excerpt":{"rendered":"<p>Niveluri de ac\u0163iune: sistem cardiovascular, factori de coagulare, tiroid\u0103. Recomand\u0103ri principale:S\u00e2nge: indicat c\u00e2nd testul rezisten\u0163ei la heparin\u0103 este crescut (ac\u0163iune<\/p>\n","protected":false},"featured_media":12076,"comment_status":"closed","ping_status":"open","template":"","meta":[],"product_brand":[],"product_cat":[2644],"product_tag":[],"class_list":{"0":"post-11867","1":"product","2":"type-product","3":"status-publish","4":"has-post-thumbnail","6":"product_cat-extracte","8":"first","9":"instock","10":"product-type-simple"},"jetpack_sharing_enabled":true,"_links":{"self":[{"href":"https:\/\/phoenixplant.ro\/index.php\/wp-json\/wp\/v2\/product\/11867","targetHints":{"allow":["GET"]}}],"collection":[{"href":"https:\/\/phoenixplant.ro\/index.php\/wp-json\/wp\/v2\/product"}],"about":[{"href":"https:\/\/phoenixplant.ro\/index.php\/wp-json\/wp\/v2\/types\/product"}],"replies":[{"embeddable":true,"href":"https:\/\/phoenixplant.ro\/index.php\/wp-json\/wp\/v2\/comments?post=11867"}],"version-history":[{"count":1,"href":"https:\/\/phoenixplant.ro\/index.php\/wp-json\/wp\/v2\/product\/11867\/revisions"}],"predecessor-version":[{"id":11868,"href":"https:\/\/phoenixplant.ro\/index.php\/wp-json\/wp\/v2\/product\/11867\/revisions\/11868"}],"wp:featuredmedia":[{"embeddable":true,"href":"https:\/\/phoenixplant.ro\/index.php\/wp-json\/wp\/v2\/media\/12076"}],"wp:attachment":[{"href":"https:\/\/phoenixplant.ro\/index.php\/wp-json\/wp\/v2\/media?parent=11867"}],"wp:term":[{"taxonomy":"product_brand","embeddable":true,"href":"https:\/\/phoenixplant.ro\/index.php\/wp-json\/wp\/v2\/product_brand?post=11867"},{"taxonomy":"product_cat","embeddable":true,"href":"https:\/\/phoenixplant.ro\/index.php\/wp-json\/wp\/v2\/product_cat?post=11867"},{"taxonomy":"product_tag","embeddable":true,"href":"https:\/\/phoenixplant.ro\/index.php\/wp-json\/wp\/v2\/product_tag?post=11867"}],"curies":[{"name":"wp","href":"https:\/\/api.w.org\/{rel}","templated":true}]}}