{"id":11857,"date":"2025-03-31T08:40:12","date_gmt":"2025-03-31T08:40:12","guid":{"rendered":"https:\/\/phoenixplant.ro\/index.php\/produs\/nuc-extract-din-muguri-de-nuc-juglans-regia-mgd1\/"},"modified":"2025-06-15T09:52:11","modified_gmt":"2025-06-15T09:52:11","slug":"nuc-extract-din-muguri-de-nuc-juglans-regia-mgd1","status":"publish","type":"product","link":"https:\/\/phoenixplant.ro\/index.php\/produs\/nuc-extract-din-muguri-de-nuc-juglans-regia-mgd1\/","title":{"rendered":"NUC &#8211; Extract din muguri de Nuc &#8211; Juglans regia MG=D1"},"content":{"rendered":"<p><strong>Nivele de ac\u0163iune:<\/strong> mucoase, piele, pancreas, intestin, vase \u015fi glande limfatice.<\/p>\n<p>Extractul gemoterapic este ob\u0163inut din muguri proaspe\u0163i de *Nuc (Juglans regia), prelucra\u0163i conform re\u0163etei farmaceutice de macerat glicerinic. Con\u0163ine alcool etilic de cereale 18% vol.<br \/><em>* Plant\u0103 recoltat\u0103 ecologic.<\/em><br \/>Certificare ecologic\u0103 EcoInspect Ro-008.<\/p>\n<p><strong>Recomand\u0103ri principale:<\/strong><br \/><strong>Mucoase, piele:<\/strong> ajut\u0103 la reducerea inflama\u0163iei de la nivelul mucoaselor \u015fi a pielii (acnee, seboree).<br \/><strong>Pancreas:<\/strong> \u00eembun\u0103t\u0103\u0163e\u015fte func\u0163ionarea pancreasului; ajut\u0103 la sc\u0103derea glicemiei.<br \/><strong>Intestin:<\/strong> ac\u0163iune reglatoare asupra florei bacteriene intestinale; reduce balonarea \u015fi flatulen\u0163a.<\/p>\n<p>Propuneri de asocieri cu alte produse gemoterapice:<\/p>\n<ul>\n<li>\u00een diareea dup\u0103 antibiotice, cu Extract din ml\u0103di\u0163e de Meri\u015for &#8211; Vaccinium vitis idaea MG=D1 \u015fi Extract din ml\u0103di\u0163e de Afin- Vaccinium myrtillus MG=D1;<\/li>\n<li>\u00een meteorism (balonare) \u015fi flatulen\u0163\u0103, cu Extract din ml\u0103di\u0163e de Meri\u015for &#8211; Vaccinium vitis idaea MG=D1;<\/li>\n<li>\u00een aerofagie, cu Extract din muguri de Smochin &#8211; Ficus carica MG=D1;<\/li>\n<li>\u00een tulbur\u0103ri ale circula\u0163iei venoase asociate cu ulcera\u0163ii, cu Extract din muguri de Castan comestibil &#8211; Castanea vesca MG=D1;<\/li>\n<li>\u00een eczeme psoriazice, cu Extract din ml\u0103di\u0163e de Cedru &#8211; Cedrus libani MG=D1 \u015fi Extract din radicele de Secar\u0103 &#8211; Secale cereale MG=D1;<\/li>\n<li>\u00een eczeme umede, pl\u0103gi supurate, herpes, cu Extract din muguri de Ulm &#8211; Ulmus campestris MG=D1 \u015fi Extract din muguri de Coac\u0103z negru&nbsp;&nbsp; Ribes nigrum MG=D1;<\/li>\n<li>\u00een acnee juvenil\u0103, cu Extract din muguri de Ulm &#8211; Ulmus campestris MG=D1, Extract din muguri de Platan&nbsp;&nbsp; Platanus orientalis MG=D1 \u015fi Extract din muguri de Porumbar &#8211; Prunus spinosa MG=D1;<\/li>\n<li>\u00een leucoree, cu Extract din ml\u0103di\u0163e de Iarb\u0103 neagr\u0103 &#8211; Calluna vulgaris MG=D1 \u015fi Extract din muguri de Arin negru &#8211; Alnus glutinosa MG=D1;<\/li>\n<li>\u00een afect\u0103ri la nivel de amigdale, faringe, cu Extract din muguri de Vi\u0163\u0103 de vie &#8211; Vitis viniferaMG=D1;<\/li>\n<li>pentru reducerea valorilor glicemiei, cu Extract din muguri de Dud &#8211; Morus nigra MG=D1 \u015fi Extract din ml\u0103di\u0163e de Afin- Vaccinium myrtillus MG=D1.<\/li>\n<\/ul>\n<p class=\"info\"><strong>Obs:<\/strong> propunerile de asocieri de gemoterapice sunt orientative \u015fi nu exclud \u015fi alte posibilit\u0103\u0163i de asociere de produse, adaptate la necesit\u0103\u0163ile specifice fiec\u0103rei persoane.<\/p>\n<p><strong>Modul de administrare:<\/strong> <br \/>Adul\u0163i \u015fi copii peste 7 ani: \u00een general, c\u00e2te 2 ml, \u00een pu\u0163in\u0103 ap\u0103, de 2 ori pe zi, \u00eenainte de mese.<br \/>1 ml=aprox. 25 de pic\u0103turi<br \/>\u00cen cazul asocierii cu alte extracte gemoterapice, se va administra o dat\u0103 pe zi.<br \/>Durata administr\u0103rii poate varia \u00eentre 1-3 luni de zile. Se poate repeta administrarea dup\u0103 1 sau 2 luni de pauz\u0103.<\/p>\n<p>Nu se cunosc reac\u0163ii adverse sau contraindica\u0163ii.<\/p>\n","protected":false},"excerpt":{"rendered":"<p>Nivele de ac\u0163iune: mucoase, piele, pancreas, intestin, vase \u015fi glande limfatice. Extractul gemoterapic este ob\u0163inut din muguri proaspe\u0163i de *Nuc<\/p>\n","protected":false},"featured_media":12071,"comment_status":"closed","ping_status":"closed","template":"","meta":[],"product_brand":[],"product_cat":[2644],"product_tag":[],"class_list":{"0":"post-11857","1":"product","2":"type-product","3":"status-publish","4":"has-post-thumbnail","6":"product_cat-extracte","8":"first","9":"instock","10":"purchasable","11":"product-type-simple"},"jetpack_sharing_enabled":true,"_links":{"self":[{"href":"https:\/\/phoenixplant.ro\/index.php\/wp-json\/wp\/v2\/product\/11857","targetHints":{"allow":["GET"]}}],"collection":[{"href":"https:\/\/phoenixplant.ro\/index.php\/wp-json\/wp\/v2\/product"}],"about":[{"href":"https:\/\/phoenixplant.ro\/index.php\/wp-json\/wp\/v2\/types\/product"}],"replies":[{"embeddable":true,"href":"https:\/\/phoenixplant.ro\/index.php\/wp-json\/wp\/v2\/comments?post=11857"}],"version-history":[{"count":1,"href":"https:\/\/phoenixplant.ro\/index.php\/wp-json\/wp\/v2\/product\/11857\/revisions"}],"predecessor-version":[{"id":11858,"href":"https:\/\/phoenixplant.ro\/index.php\/wp-json\/wp\/v2\/product\/11857\/revisions\/11858"}],"wp:featuredmedia":[{"embeddable":true,"href":"https:\/\/phoenixplant.ro\/index.php\/wp-json\/wp\/v2\/media\/12071"}],"wp:attachment":[{"href":"https:\/\/phoenixplant.ro\/index.php\/wp-json\/wp\/v2\/media?parent=11857"}],"wp:term":[{"taxonomy":"product_brand","embeddable":true,"href":"https:\/\/phoenixplant.ro\/index.php\/wp-json\/wp\/v2\/product_brand?post=11857"},{"taxonomy":"product_cat","embeddable":true,"href":"https:\/\/phoenixplant.ro\/index.php\/wp-json\/wp\/v2\/product_cat?post=11857"},{"taxonomy":"product_tag","embeddable":true,"href":"https:\/\/phoenixplant.ro\/index.php\/wp-json\/wp\/v2\/product_tag?post=11857"}],"curies":[{"name":"wp","href":"https:\/\/api.w.org\/{rel}","templated":true}]}}