{"id":11843,"date":"2025-03-31T08:40:12","date_gmt":"2025-03-31T08:40:12","guid":{"rendered":"https:\/\/phoenixplant.ro\/index.php\/produs\/ginkgo-extract-din-muguri-de-ginkgo-ginkgo-biloba-mgd1\/"},"modified":"2025-06-15T09:49:04","modified_gmt":"2025-06-15T09:49:04","slug":"ginkgo-extract-din-muguri-de-ginkgo-ginkgo-biloba-mgd1","status":"publish","type":"product","link":"https:\/\/phoenixplant.ro\/index.php\/produs\/ginkgo-extract-din-muguri-de-ginkgo-ginkgo-biloba-mgd1\/","title":{"rendered":"GINKGO &#8211; Extract din muguri de Ginkgo &#8211; Ginkgo biloba MG=D1"},"content":{"rendered":"<p><strong>Niveluri de ac\u0163iune:<\/strong> sistem circulator.<\/p>\n<p>Extractul gemoterapic este ob\u0163inut din muguri proaspe\u0163i de Ginkgo biloba, prelucra\u0163i conform re\u0163etei farmaceutice de macerat glicerinic.<br \/>Con\u0163ine alcool etilic de cereale 33 % vol.<\/p>\n<p><strong>Recomand\u0103ri principale:<\/strong> sus\u0163ine circula\u0163ia cerebral\u0103 \u015fi periferic\u0103 (vasodilatator \u015fi trofic vascular); ajut\u0103 la fluidificarea s\u00e2ngelui; reduce fenomenele de senescen\u0163\u0103 \u015fi degradare a func\u0163iilor intelectuale; efect antioxidant, de combatere a radicalilor liberi ai oxigenului.<\/p>\n<h4>Propuneri de asocieri cu alte produse gemoterapice:<\/h4>\n<ul>\n<li>pentru sus\u0163inerea circula\u0163iei cerebrale la v\u00e2rstnici, cu Extract din muguri de Arin negru &#8211; Alnus glutinosa MG=D1 \u015fi Extract din ml\u0103di\u0163e de Sequoia &#8211; Sequoia gigantea MG=D1;<\/li>\n<li>\u00een tulbur\u0103ri de echilibru (vertij), cu Extract din muguri de Arin negru &#8211; Alnus glutinosa MG=D1 sau Extract din ml\u0103di\u0163e de V\u00e2sc &#8211; Viscum album MG=C1 (la hipertensivi);<\/li>\n<li>\u00een dificult\u0103\u0163i de concentrare la elevi \u015fi studen\u0163i, cu Extract din semin\u0163e de Mesteac\u0103n &#8211; Betula verrucosa semi MG=D1.<\/li>\n<\/ul>\n<p class=\"info\"><strong>Obs:<\/strong> propunerile de asocieri de gemoterapice sunt orientative \u015fi nu exclud \u015fi alte posibilit\u0103\u0163i de asociere de produse, adaptate la necesit\u0103\u0163ile specifice fiec\u0103rei persoane.<\/p>\n<p><strong>Modul de administrare:<\/strong> <br \/>Adul\u0163i \u015fi copii peste 12 ani: \u00een general, c\u00e2te 2 ml, \u00een pu\u0163in\u0103 ap\u0103, de 2 ori pe zi,diminea\u0163a \u015fi la pr\u00e2nz, \u00eenainte de mas\u0103.<br \/>1 ml=aprox. 25 de pic\u0103turi<br \/>Durata administr\u0103rii poate varia \u00eentre 1-3 luni de zile. Se poate repeta administrarea dup\u0103 1 sau 2 luni de pauz\u0103.<\/p>\n<p class=\"warning\"><strong>Aten\u0163ion\u0103ri:<\/strong><br \/>Nu se recomand\u0103 administrarea dup\u0103 orele 18, put\u00e2nd provoca insomnii datorit\u0103 efectului stimulator la nivel cerebral.<\/p>\n","protected":false},"excerpt":{"rendered":"<p>Niveluri de ac\u0163iune: sistem circulator. Extractul gemoterapic este ob\u0163inut din muguri proaspe\u0163i de Ginkgo biloba, prelucra\u0163i conform re\u0163etei farmaceutice de<\/p>\n","protected":false},"featured_media":12064,"comment_status":"closed","ping_status":"closed","template":"","meta":[],"product_brand":[],"product_cat":[2644],"product_tag":[],"class_list":{"0":"post-11843","1":"product","2":"type-product","3":"status-publish","4":"has-post-thumbnail","6":"product_cat-extracte","8":"first","9":"instock","10":"purchasable","11":"product-type-simple"},"jetpack_sharing_enabled":true,"_links":{"self":[{"href":"https:\/\/phoenixplant.ro\/index.php\/wp-json\/wp\/v2\/product\/11843","targetHints":{"allow":["GET"]}}],"collection":[{"href":"https:\/\/phoenixplant.ro\/index.php\/wp-json\/wp\/v2\/product"}],"about":[{"href":"https:\/\/phoenixplant.ro\/index.php\/wp-json\/wp\/v2\/types\/product"}],"replies":[{"embeddable":true,"href":"https:\/\/phoenixplant.ro\/index.php\/wp-json\/wp\/v2\/comments?post=11843"}],"version-history":[{"count":1,"href":"https:\/\/phoenixplant.ro\/index.php\/wp-json\/wp\/v2\/product\/11843\/revisions"}],"predecessor-version":[{"id":11844,"href":"https:\/\/phoenixplant.ro\/index.php\/wp-json\/wp\/v2\/product\/11843\/revisions\/11844"}],"wp:featuredmedia":[{"embeddable":true,"href":"https:\/\/phoenixplant.ro\/index.php\/wp-json\/wp\/v2\/media\/12064"}],"wp:attachment":[{"href":"https:\/\/phoenixplant.ro\/index.php\/wp-json\/wp\/v2\/media?parent=11843"}],"wp:term":[{"taxonomy":"product_brand","embeddable":true,"href":"https:\/\/phoenixplant.ro\/index.php\/wp-json\/wp\/v2\/product_brand?post=11843"},{"taxonomy":"product_cat","embeddable":true,"href":"https:\/\/phoenixplant.ro\/index.php\/wp-json\/wp\/v2\/product_cat?post=11843"},{"taxonomy":"product_tag","embeddable":true,"href":"https:\/\/phoenixplant.ro\/index.php\/wp-json\/wp\/v2\/product_tag?post=11843"}],"curies":[{"name":"wp","href":"https:\/\/api.w.org\/{rel}","templated":true}]}}