{"id":11819,"date":"2025-03-31T08:39:48","date_gmt":"2025-03-31T08:39:48","guid":{"rendered":"https:\/\/phoenixplant.ro\/index.php\/produs\/arin-negru-extract-din-muguri-de-arin-negru-alnus-glutinosa-mgd1\/"},"modified":"2025-06-15T09:44:10","modified_gmt":"2025-06-15T09:44:10","slug":"arin-negru-extract-din-muguri-de-arin-negru-alnus-glutinosa-mgd1","status":"publish","type":"product","link":"https:\/\/phoenixplant.ro\/index.php\/produs\/arin-negru-extract-din-muguri-de-arin-negru-alnus-glutinosa-mgd1\/","title":{"rendered":"ARIN NEGRU  &#8211; Extract din muguri de Arin negru &#8211; Alnus glutinosa MG=D1"},"content":{"rendered":"<p><strong>Niveluri de ac\u0163iune:<\/strong> sistem arterial (artere cerebrale \u015fi coronare), mucoase (poate reduce inflama\u0163iile de la nivel de mucoase, \u00een perioada lor de debut), suprarenale.<\/p>\n<p>Extractul gemoterapic este ob\u0163inut din muguri proaspe\u0163i de *Arin negru (Alnus glutinosa), prelucra\u0163i conform re\u0163etei farmaceutice de macerat glicerinic.<br \/>Con\u0163ine alcool etilic de cereale 33% vol.<br \/><em>* Plant\u0103 recoltat\u0103 ecologic. Certificare ecologic\u0103 EcoInspect Ro-008.<\/em><\/p>\n<p><strong>Recomand\u0103ri principale:<\/strong><br \/>Sistem circulator: ajut\u0103 la \u00eembun\u0103t\u0103\u0163irea circula\u0163iei la nivel cerebral \u015fi a circula\u0163iei arteriale periferice.<br \/>Efect particular: opre\u015fte secre\u0163ia lactat\u0103.<\/p>\n<h4>Propuneri de asocieri cu alte produse gemoterapice:<\/h4>\n<ul>\n<li>pentru ameliorarea durerilor de cap, cu Extract din ml\u0103di\u0163e de M\u0103ce\u015f- Rosa canina MG=D1 \u015fi Extract din muguri de M\u0103r &#8211; Malus sylvestris MG=D1;<\/li>\n<li>pentru \u00eembun\u0103t\u0103\u0163irea performan\u0163elor intelectuale la v\u00e2rstnici, cu Extract din semin\u0163e de Mesteac\u0103n &#8211; Betula verrucosa semi MG=D1;<\/li>\n<li>\u00een ramolisment cerebral, cu Extract din muguri de Ginkgo &#8211; Ginkgo biloba MG=D1\u015fi Extract din ml\u0103di\u0163e de Sequoia &#8211; Sequoia gigantea MG=D1;<\/li>\n<li>\u00een tulbur\u0103ri de echilibru (vertij), cu Extract din muguri de Ginkgo &#8211; Ginkgo biloba MG=D1sau Extract din ml\u0103di\u0163e de V\u00e2sc &#8211; Viscum album MG=C1 (la hipertensivi);<\/li>\n<li>\u00een tulbur\u0103ri ale secre\u0163iei gastrice \u015fi gastro &#8211; duodenale, cu Extract din muguri de Smochin &#8211; Ficus carica MG=D1;<\/li>\n<li>\u00een st\u0103ri febrile, cu Extract din ml\u0103di\u0163e de M\u0103ce\u015f &#8211; Rosa canina MG=D1\u015fi Extract din scoar\u0163\u0103 de Salcie- Salix alba cortex MG=D1;<\/li>\n<li>pentru ameliorarea simptomelor din infec\u0163ii ale tractului respirator, cu Extract din ml\u0103di\u0163e de M\u0103ce\u015f &#8211; Rosa canina MG=D1 \u015fi Extract din muguri de C\u0103tin\u0103 alb\u0103 &#8211; Hippophae rhamnoides MG=D1;<\/li>\n<li>\u00een afect\u0103ri rino- sinusale, cu Extract din muguri de Coac\u0103z negru &#8211; Ribes nigrum MG=D1 \u015fi Extract din muguri de Carpen &#8211; Carpinus betulus MG=D1\u015fi Extract din muguri de Mesteac\u0103n pufos &#8211; Betula pubescens MG=D1;<\/li>\n<li>\u00een st\u0103ri de hipoacuzie, cu Extract din muguri de Scoru\u015f &#8211; Sorbus domestica MG=D1\u015fi Extract din muguri de C\u0103lin&nbsp;&nbsp; Viburnum lantana MG=D1;<\/li>\n<li>\u00een leucoree, cu Extract din muguri de Nuc &#8211; Juglans regia MG=D1 \u015fi Extract din ml\u0103di\u0163e de Iarb\u0103 neagr\u0103 &#8211; Calluna vulgaris MG=D1;<\/li>\n<li>alte asocieri pentru reducerea inflama\u0163iilor, cu extracte gemoterapice care ac\u0163ioneaz\u0103 preponderent la nivelul \u0163esutului inflamat.<\/li>\n<\/ul>\n<p class=\"info\"><strong>Obs:<\/strong> propunerile de asocieri de gemoterapice sunt orientative \u015fi nu exclud \u015fi alte posibilit\u0103\u0163i de asociere de produse, adaptate la necesit\u0103\u0163ile specifice fiec\u0103rei persoane.<\/p>\n<p><strong>Modul de administrare:<\/strong> <br \/>Adul\u0163i: \u00een general, c\u00e2te 2 ml, \u00een pu\u0163in\u0103 ap\u0103, de 2 ori pe zi, \u00eenainte de mese. <br \/>1 ml=aprox. 25 de pic\u0103turi<br \/>\u00cen cazul asocierii cu alte extracte gemoterapice, se va administra o dat\u0103 pe zi.<br \/>Durata administr\u0103rii poate varia \u00eentre 1-3 luni de zile. Se poate repeta administrarea dup\u0103 1 sau 2 luni de pauz\u0103.<\/p>\n<p>Obs: propunerile de asocieri de gemoterapice sunt orientative \u015fi nu exclud \u015fi alte posibilit\u0103\u0163i de asociere de produse, adaptate la necesit\u0103\u0163ile specifice fiec\u0103rei persoane.<\/p>\n<p class=\"warning\"><strong>Aten\u0163ion\u0103ri:<\/strong><br \/>Contraindicat femeilor \u00eens\u0103rcinate \u015fi celor care al\u0103pteaz\u0103.<\/p>\n<p>Niveluri de ac\u0163iune: sistem arterial (artere cerebrale \u015fi coronare), mucoase (poate reduce inflama\u0163iile de la nivel de mucoase, \u00een perioada lor de debut).<\/p>\n","protected":false},"excerpt":{"rendered":"<p>Niveluri de ac\u0163iune: sistem arterial (artere cerebrale \u015fi coronare), mucoase (poate reduce inflama\u0163iile de la nivel de mucoase, \u00een perioada<\/p>\n","protected":false},"featured_media":12052,"comment_status":"closed","ping_status":"closed","template":"","meta":[],"product_brand":[],"product_cat":[2644],"product_tag":[],"class_list":{"0":"post-11819","1":"product","2":"type-product","3":"status-publish","4":"has-post-thumbnail","6":"product_cat-extracte","8":"first","9":"instock","10":"purchasable","11":"product-type-simple"},"jetpack_sharing_enabled":true,"_links":{"self":[{"href":"https:\/\/phoenixplant.ro\/index.php\/wp-json\/wp\/v2\/product\/11819","targetHints":{"allow":["GET"]}}],"collection":[{"href":"https:\/\/phoenixplant.ro\/index.php\/wp-json\/wp\/v2\/product"}],"about":[{"href":"https:\/\/phoenixplant.ro\/index.php\/wp-json\/wp\/v2\/types\/product"}],"replies":[{"embeddable":true,"href":"https:\/\/phoenixplant.ro\/index.php\/wp-json\/wp\/v2\/comments?post=11819"}],"version-history":[{"count":1,"href":"https:\/\/phoenixplant.ro\/index.php\/wp-json\/wp\/v2\/product\/11819\/revisions"}],"predecessor-version":[{"id":11820,"href":"https:\/\/phoenixplant.ro\/index.php\/wp-json\/wp\/v2\/product\/11819\/revisions\/11820"}],"wp:featuredmedia":[{"embeddable":true,"href":"https:\/\/phoenixplant.ro\/index.php\/wp-json\/wp\/v2\/media\/12052"}],"wp:attachment":[{"href":"https:\/\/phoenixplant.ro\/index.php\/wp-json\/wp\/v2\/media?parent=11819"}],"wp:term":[{"taxonomy":"product_brand","embeddable":true,"href":"https:\/\/phoenixplant.ro\/index.php\/wp-json\/wp\/v2\/product_brand?post=11819"},{"taxonomy":"product_cat","embeddable":true,"href":"https:\/\/phoenixplant.ro\/index.php\/wp-json\/wp\/v2\/product_cat?post=11819"},{"taxonomy":"product_tag","embeddable":true,"href":"https:\/\/phoenixplant.ro\/index.php\/wp-json\/wp\/v2\/product_tag?post=11819"}],"curies":[{"name":"wp","href":"https:\/\/api.w.org\/{rel}","templated":true}]}}