{"id":11813,"date":"2025-03-31T08:39:48","date_gmt":"2025-03-31T08:39:48","guid":{"rendered":"https:\/\/phoenixplant.ro\/index.php\/produs\/ovaz-extract-din-mladite-si-radicele-de-ovaz-avena-sativa-mgd1\/"},"modified":"2025-03-31T08:39:49","modified_gmt":"2025-03-31T08:39:49","slug":"ovaz-extract-din-mladite-si-radicele-de-ovaz-avena-sativa-mgd1","status":"publish","type":"product","link":"https:\/\/phoenixplant.ro\/index.php\/produs\/ovaz-extract-din-mladite-si-radicele-de-ovaz-avena-sativa-mgd1\/","title":{"rendered":"OV\u0102Z  &#8211; Extract din ml\u0103di\u021be \u0219i radicele de Ov\u0103z &#8211; Avena sativa MG=D1"},"content":{"rendered":"<p><strong>Niveluri de ac\u021biune<\/strong>: sistem nervos central, sistem endocrin (tiroid\u0103), oase, aparat digestiv \u0219i uro-genital.<\/p>\n<p>Extractul gemoterapic este ob\u021binut din ml\u0103di\u021be \u0219i radicele de Ov\u0103z (pl\u0103ntu\u021ba t\u00e2n\u0103r\u0103 din cultur\u0103 organic\u0103), prelucrate conform re\u021betei farmaceutice de macerat glicerinic. Con\u021bine alcool etilic 18% vol.<\/p>\n<p><strong>Recomand\u0103ri principale<\/strong><br \/><strong>Sistem nervos central<\/strong>: ajut\u0103 la fortifierea organismului \u00een st\u0103ri de astenie fizic\u0103 \u0219i psihic\u0103, \u00een convalescen\u021ba dup\u0103 r\u0103celi. Calmant \u00een st\u0103ri de stres \u0219i agita\u021bie.<br \/><strong>Tiroid\u0103<\/strong>: sus\u021bine func\u021bia normal\u0103 a tiroidei \u0219i produc\u021bia de hormoni tiroidieni.<br \/><strong>Aparat digestiv<\/strong>: sus\u021bine buna func\u021bionare a tractului digestiv, procesele de detoxifiere de la acest nivel \u0219i secre\u021bia glandelor anexe (ficat, pancreas).<br \/><strong>Oase<\/strong>: demineraliz\u0103ri osoase.<br \/><strong>Aparat uro-genital<\/strong>: sus\u021bine s\u0103n\u0103tatea urogenital\u0103 a femeii (ac\u021biune estrogenic\u0103).<\/p>\n<p><strong>Propuneri de asocieri cu alte produse gemoterapice:<\/strong><br \/>&#8211; cu <a href=\"index.php?option=com_content&amp;view=article&amp;id=296:porumbar-muguri&amp;catid=29:gemoterapice&amp;lang=ro-RO&amp;Itemid=825\">Extract din muguri de Porumbar<\/a> \u2013 \u00een convalescen\u021ba dup\u0103 r\u0103celi;<br \/>&#8211; cu <a href=\"index.php?option=com_content&amp;view=article&amp;id=302:tei-argintiu-muguri&amp;catid=29:gemoterapice&amp;lang=ro-RO&amp;Itemid=839\">Extract din muguri de Tei argintiu<\/a> \u00een st\u0103ri de stres cu agita\u021bie;<br \/>&#8211; cu <a href=\"index.php?option=com_content&amp;view=article&amp;id=267:sequoia-mladite&amp;catid=29:gemoterapice&amp;lang=ro-RO&amp;Itemid=834\">Extract din ml\u0103di\u021be de Sequoia<\/a> pentru v\u00e2rstnicul astenic;<br \/>&#8211; cu <a href=\"index.php?option=com_content&amp;view=article&amp;id=276:brad-muguri&amp;catid=29:gemoterapice&amp;lang=ro-RO&amp;Itemid=784\">Extract din muguri de Brad<\/a> \u00een demineraliz\u0103ri la persoane obosite;<br \/>&#8211; cu <a href=\"index.php?option=com_content&amp;view=article&amp;id=270:zmeur-mladite&amp;catid=29:gemoterapice&amp;lang=ro-RO&amp;Itemid=844\">Extract din ml\u0103di\u021be de Zmeur<\/a> pentru ac\u021biunea estrogenic\u0103, la femei stresate\/obosite.<\/p>\n<p><strong>Mod de administrare<\/strong><br \/><strong>Adul\u021bi \u0219i copii peste 7 ani<\/strong>: \u00een general c\u00e2te 2 ml, \u00een pu\u021bin\u0103 ap\u0103, de 2-3 ori pe zi, \u00eenainte de mese.<br \/>O dat\u0103 pe zi, \u00een caz de asociere cu alte extracte gemoterapice. Durata utiliz\u0103rii\u0218 1-3 luni.<br \/>Se poate repeta, dup\u0103 1 sau 2 luni de pauz\u0103.<\/p>\n","protected":false},"excerpt":{"rendered":"<p>Niveluri de ac\u021biune: sistem nervos central, sistem endocrin (tiroid\u0103), oase, aparat digestiv \u0219i uro-genital. Extractul gemoterapic este ob\u021binut din ml\u0103di\u021be<\/p>\n","protected":false},"featured_media":12044,"comment_status":"closed","ping_status":"open","template":"","meta":[],"product_brand":[],"product_cat":[2644],"product_tag":[],"class_list":{"0":"post-11813","1":"product","2":"type-product","3":"status-publish","4":"has-post-thumbnail","6":"product_cat-extracte","8":"first","9":"instock","10":"product-type-simple"},"jetpack_sharing_enabled":true,"_links":{"self":[{"href":"https:\/\/phoenixplant.ro\/index.php\/wp-json\/wp\/v2\/product\/11813","targetHints":{"allow":["GET"]}}],"collection":[{"href":"https:\/\/phoenixplant.ro\/index.php\/wp-json\/wp\/v2\/product"}],"about":[{"href":"https:\/\/phoenixplant.ro\/index.php\/wp-json\/wp\/v2\/types\/product"}],"replies":[{"embeddable":true,"href":"https:\/\/phoenixplant.ro\/index.php\/wp-json\/wp\/v2\/comments?post=11813"}],"version-history":[{"count":1,"href":"https:\/\/phoenixplant.ro\/index.php\/wp-json\/wp\/v2\/product\/11813\/revisions"}],"predecessor-version":[{"id":11814,"href":"https:\/\/phoenixplant.ro\/index.php\/wp-json\/wp\/v2\/product\/11813\/revisions\/11814"}],"wp:featuredmedia":[{"embeddable":true,"href":"https:\/\/phoenixplant.ro\/index.php\/wp-json\/wp\/v2\/media\/12044"}],"wp:attachment":[{"href":"https:\/\/phoenixplant.ro\/index.php\/wp-json\/wp\/v2\/media?parent=11813"}],"wp:term":[{"taxonomy":"product_brand","embeddable":true,"href":"https:\/\/phoenixplant.ro\/index.php\/wp-json\/wp\/v2\/product_brand?post=11813"},{"taxonomy":"product_cat","embeddable":true,"href":"https:\/\/phoenixplant.ro\/index.php\/wp-json\/wp\/v2\/product_cat?post=11813"},{"taxonomy":"product_tag","embeddable":true,"href":"https:\/\/phoenixplant.ro\/index.php\/wp-json\/wp\/v2\/product_tag?post=11813"}],"curies":[{"name":"wp","href":"https:\/\/api.w.org\/{rel}","templated":true}]}}