{"id":11809,"date":"2025-03-31T08:39:48","date_gmt":"2025-03-31T08:39:48","guid":{"rendered":"https:\/\/phoenixplant.ro\/index.php\/produs\/vita-de-vie-salbatica-extract-din-mladite-de-vita-de-vie-salbatica-ampelopsis-weitchii-mgd1\/"},"modified":"2025-03-31T08:39:48","modified_gmt":"2025-03-31T08:39:48","slug":"vita-de-vie-salbatica-extract-din-mladite-de-vita-de-vie-salbatica-ampelopsis-weitchii-mgd1","status":"publish","type":"product","link":"https:\/\/phoenixplant.ro\/index.php\/produs\/vita-de-vie-salbatica-extract-din-mladite-de-vita-de-vie-salbatica-ampelopsis-weitchii-mgd1\/","title":{"rendered":"VI\u0162\u0102 DE VIE S\u0102LBATIC\u0102 &#8211; Extract din ml\u0103di\u0163e de Vi\u021b\u0103 de vie s\u0103lbatic\u0103 &#8211; Ampelopsis weitchii MG=D1"},"content":{"rendered":"<p><strong>Niveluri de ac\u0163iune:<\/strong> sistem articular \u015fi periarticular.<\/p>\n<p><strong>Recomand\u0103ri:<\/strong><br \/><strong>Aparat osteo-articular:<\/strong> ajut\u0103 la \u00eembun\u0103t\u0103\u0163irea mobilit\u0103\u0163ii articula\u0163iilor mari \u015fi mici, la \u00eencetinirea deform\u0103rilor articulare.<\/p>\n<h4>Propuneri de asocieri cu alte produse gemoterapice:<\/h4>\n<ul>\n<li>pentru \u00eembun\u0103t\u0103\u0163irea mobilit\u0103\u0163ii articula\u0163iilor \u015fi \u00eencetinirea deform\u0103rilor articulare, cu Extract din muguri de Coac\u0103z negru &#8211; Ribes nigrum MG=D1 \u015fi Extract din ml\u0103di\u0163e de M\u0103ce\u015f &#8211; Rosa canina MG=D1.<\/li>\n<\/ul>\n<p><strong>Modul de administrare:<\/strong> <br \/>Adul\u0163i \u015fi copii peste 7 ani: \u00een general, c\u00e2te 1-2 ml, \u00een pu\u0163in\u0103 ap\u0103, de 2-3 ori pe zi, \u00eenainte de mese. <br \/>1 ml=aprox. 25 de pic\u0103turi<br \/>\u00cen cazul asocierii cu alte extracte gemoterapice, se va administra o dat\u0103 pe zi, c\u00e2te 2-3 ml.<br \/>Durata administr\u0103rii poate varia \u00eentre 1-3 luni de zile. Se poate repeta administrarea dup\u0103 1 sau 2 luni de pauz\u0103.<\/p>\n<p>Nu se cunosc reac\u0163ii adverse sau contraindica\u0163ii.<\/p>\n","protected":false},"excerpt":{"rendered":"<p>Niveluri de ac\u0163iune: sistem articular \u015fi periarticular. Recomand\u0103ri:Aparat osteo-articular: ajut\u0103 la \u00eembun\u0103t\u0103\u0163irea mobilit\u0103\u0163ii articula\u0163iilor mari \u015fi mici, la \u00eencetinirea deform\u0103rilor<\/p>\n","protected":false},"featured_media":12048,"comment_status":"closed","ping_status":"open","template":"","meta":[],"product_brand":[],"product_cat":[2644],"product_tag":[],"class_list":{"0":"post-11809","1":"product","2":"type-product","3":"status-publish","4":"has-post-thumbnail","6":"product_cat-extracte","8":"first","9":"instock","10":"product-type-simple"},"jetpack_sharing_enabled":true,"_links":{"self":[{"href":"https:\/\/phoenixplant.ro\/index.php\/wp-json\/wp\/v2\/product\/11809","targetHints":{"allow":["GET"]}}],"collection":[{"href":"https:\/\/phoenixplant.ro\/index.php\/wp-json\/wp\/v2\/product"}],"about":[{"href":"https:\/\/phoenixplant.ro\/index.php\/wp-json\/wp\/v2\/types\/product"}],"replies":[{"embeddable":true,"href":"https:\/\/phoenixplant.ro\/index.php\/wp-json\/wp\/v2\/comments?post=11809"}],"version-history":[{"count":1,"href":"https:\/\/phoenixplant.ro\/index.php\/wp-json\/wp\/v2\/product\/11809\/revisions"}],"predecessor-version":[{"id":11810,"href":"https:\/\/phoenixplant.ro\/index.php\/wp-json\/wp\/v2\/product\/11809\/revisions\/11810"}],"wp:featuredmedia":[{"embeddable":true,"href":"https:\/\/phoenixplant.ro\/index.php\/wp-json\/wp\/v2\/media\/12048"}],"wp:attachment":[{"href":"https:\/\/phoenixplant.ro\/index.php\/wp-json\/wp\/v2\/media?parent=11809"}],"wp:term":[{"taxonomy":"product_brand","embeddable":true,"href":"https:\/\/phoenixplant.ro\/index.php\/wp-json\/wp\/v2\/product_brand?post=11809"},{"taxonomy":"product_cat","embeddable":true,"href":"https:\/\/phoenixplant.ro\/index.php\/wp-json\/wp\/v2\/product_cat?post=11809"},{"taxonomy":"product_tag","embeddable":true,"href":"https:\/\/phoenixplant.ro\/index.php\/wp-json\/wp\/v2\/product_tag?post=11809"}],"curies":[{"name":"wp","href":"https:\/\/api.w.org\/{rel}","templated":true}]}}