{"id":11785,"date":"2025-03-31T08:39:23","date_gmt":"2025-03-31T08:39:23","guid":{"rendered":"https:\/\/phoenixplant.ro\/index.php\/produs\/cimisir-extract-din-mladite-de-cimisir-buxus-sempervirens-mgd1\/"},"modified":"2025-06-15T09:56:35","modified_gmt":"2025-06-15T09:56:35","slug":"cimisir-extract-din-mladite-de-cimisir-buxus-sempervirens-mgd1","status":"publish","type":"product","link":"https:\/\/phoenixplant.ro\/index.php\/produs\/cimisir-extract-din-mladite-de-cimisir-buxus-sempervirens-mgd1\/","title":{"rendered":"CIMI\u015eIR &#8211; Extract din ml\u0103di\u0163e de Cimi\u0219ir &#8211; Buxus sempervirens MG=D1"},"content":{"rendered":"<p><strong>Niveluri de ac\u0163iune:<\/strong> aparat osteoarticular \u015fi sinovial, ficat, c\u0103i biliare, sistem nervos central, epiderm\u0103.<\/p>\n<p>Extractul gemoterapic este ob\u0163inut din ml\u0103di\u0163e proaspete de Cimi\u015fir (Buxus sempervirens) prelucrate conform re\u0163etei farmaceutice de macerat glicerinic.<br \/>Con\u0163ine alcool etilic de cereale 33% vol.<\/p>\n<p><strong>Recomand\u0103ri principale:<\/strong> este recomandat pentru ac\u0163iunea antiinflamatoare profund\u0103 asupra \u0163esutului fibros.<\/p>\n<p><strong>Modul de administrare:<\/strong> <br \/>Adul\u0163i: \u00een general, c\u00e2te 1-2 ml, \u00een pu\u0163in\u0103 ap\u0103, de 2-3 ori pe zi, \u00eenainte de mese. <br \/>\u00cen caz de asociere cu alte gemopreparate, \u00een general, 2-3 ml, \u00een pu\u0163in\u0103 ap\u0103, o dat\u0103 pe zi, \u00eenainte de mas\u0103.<br \/>1 ml=aprox. 25 de pic\u0103turi<br \/>Durata administr\u0103rii poate varia \u00eentre 1-2 luni de zile. <br \/>A se agita \u00eenainte de administrare!<br \/>A nu se dep\u0103\u015fi doza zilnic\u0103 recomandat\u0103!<\/p>\n<p class=\"warning\"><strong>Aten\u0163ion\u0103ri:<\/strong><br \/>Nu se administreaz\u0103 \u00een sarcin\u0103.<br \/>Nu se administreaz\u0103 pentru perioade lungi de timp, ci se alterneaz\u0103 cu administrarea altor gemoterapice complementare.<br \/>A se consulta medicul \u00eenainte de utilizare.<\/p>\n","protected":false},"excerpt":{"rendered":"<p>Niveluri de ac\u0163iune: aparat osteoarticular \u015fi sinovial, ficat, c\u0103i biliare, sistem nervos central, epiderm\u0103. Extractul gemoterapic este ob\u0163inut din ml\u0103di\u0163e<\/p>\n","protected":false},"featured_media":12036,"comment_status":"closed","ping_status":"closed","template":"","meta":[],"product_brand":[],"product_cat":[2644],"product_tag":[],"class_list":{"0":"post-11785","1":"product","2":"type-product","3":"status-publish","4":"has-post-thumbnail","6":"product_cat-extracte","8":"first","9":"instock","10":"purchasable","11":"product-type-simple"},"jetpack_sharing_enabled":true,"_links":{"self":[{"href":"https:\/\/phoenixplant.ro\/index.php\/wp-json\/wp\/v2\/product\/11785","targetHints":{"allow":["GET"]}}],"collection":[{"href":"https:\/\/phoenixplant.ro\/index.php\/wp-json\/wp\/v2\/product"}],"about":[{"href":"https:\/\/phoenixplant.ro\/index.php\/wp-json\/wp\/v2\/types\/product"}],"replies":[{"embeddable":true,"href":"https:\/\/phoenixplant.ro\/index.php\/wp-json\/wp\/v2\/comments?post=11785"}],"version-history":[{"count":1,"href":"https:\/\/phoenixplant.ro\/index.php\/wp-json\/wp\/v2\/product\/11785\/revisions"}],"predecessor-version":[{"id":11786,"href":"https:\/\/phoenixplant.ro\/index.php\/wp-json\/wp\/v2\/product\/11785\/revisions\/11786"}],"wp:featuredmedia":[{"embeddable":true,"href":"https:\/\/phoenixplant.ro\/index.php\/wp-json\/wp\/v2\/media\/12036"}],"wp:attachment":[{"href":"https:\/\/phoenixplant.ro\/index.php\/wp-json\/wp\/v2\/media?parent=11785"}],"wp:term":[{"taxonomy":"product_brand","embeddable":true,"href":"https:\/\/phoenixplant.ro\/index.php\/wp-json\/wp\/v2\/product_brand?post=11785"},{"taxonomy":"product_cat","embeddable":true,"href":"https:\/\/phoenixplant.ro\/index.php\/wp-json\/wp\/v2\/product_cat?post=11785"},{"taxonomy":"product_tag","embeddable":true,"href":"https:\/\/phoenixplant.ro\/index.php\/wp-json\/wp\/v2\/product_tag?post=11785"}],"curies":[{"name":"wp","href":"https:\/\/api.w.org\/{rel}","templated":true}]}}