{"id":11779,"date":"2025-03-31T08:39:23","date_gmt":"2025-03-31T08:39:23","guid":{"rendered":"https:\/\/phoenixplant.ro\/index.php\/produs\/caprifoi-negru-extract-din-mladite-de-caprifoi-negru-lonicera-nigra-mgd1\/"},"modified":"2025-06-15T11:34:22","modified_gmt":"2025-06-15T11:34:22","slug":"caprifoi-negru-extract-din-mladite-de-caprifoi-negru-lonicera-nigra-mgd1","status":"publish","type":"product","link":"https:\/\/phoenixplant.ro\/index.php\/produs\/caprifoi-negru-extract-din-mladite-de-caprifoi-negru-lonicera-nigra-mgd1\/","title":{"rendered":"CAPRIFOI NEGRU &#8211; Extract din ml\u0103di\u0163e de Caprifoi negru &#8211; Lonicera nigra MG=D1"},"content":{"rendered":"<p><strong>Niveluri de ac\u0163iune:<\/strong> ficat, splin\u0103, aparat respirator, articula\u0163ii, sistem nervos.<\/p>\n<p>Extractul gemoterapic este ob\u0163inut din ml\u0103di\u0163e proaspete de * Caprifoi (Lonicera nigra), prelucrate conform re\u0163etei farmaceutice de macerat glicerinic.<br \/>Con\u0163ine alcool etilic de cereale 18% vol.<br \/><em>* Plant\u0103 recoltat\u0103 ecologic. Certificare ecologic\u0103 EcoInspect Ro-008.<\/em><\/p>\n<p><strong>Recomand\u0103ri principale:<\/strong><br \/><strong>Aparat digestiv:<\/strong> ajut\u0103 la restabilirea func\u0163ionalit\u0103\u0163ii hepatice. <br \/><strong>Sistem respirator:<\/strong> ajut\u0103 la ameliorarea simptomelor de tuse seac\u0103 \u015fi de r\u0103gu\u015feal\u0103.<\/p>\n<h4>Propuneri de asocieri cu alte produse gemoterapice:<\/h4>\n<ul>\n<li>\u00een r\u0103gu\u015feal\u0103, cu Suc de Ridiche neagr\u0103 &#8211; Raphanus sativus. Recomand\u0103m administrarea local\u0103 (badijonaj sau gargar\u0103) cu preparatul MIRA \u2013 ap\u0103 de gur\u0103.;<\/li>\n<li>\u00een tuse seac\u0103, cu Extract din muguri de Carpen &#8211; Carpinus betulus MG=D1 \u015fi\/sau Extract din muguri de Cais &#8211; Prunus armeniaca MG=D1.<\/li>\n<\/ul>\n<p class=\"info\"><strong>Obs:<\/strong> propunerile de asocieri de gemoterapice sunt orientative \u015fi nu exclud \u015fi alte posibilit\u0103\u0163i de asociere de produse, adaptate la necesit\u0103\u0163ile specifice fiec\u0103rei persoane.<\/p>\n<p><strong>Modul de administrare:<\/strong> <br \/>Adul\u0163i \u015fi copii peste 7 ani: \u00een general, c\u00e2te 2 ml, \u00een pu\u0163in\u0103 ap\u0103, de 3 ori pe zi, \u00eenainte de mese.<br \/>\u00cen caz de asociere cu alte gemopreparate, \u00een general, 2 ml, \u00een pu\u0163in\u0103 ap\u0103, o dat\u0103 pe zi, \u00eenainte de mas\u0103.<br \/>La copii \u00eentre 2 \u015fi 7 ani: \u00een general, c\u00e2te 1 ml, \u00een pu\u0163in\u0103 ap\u0103, de 3 ori pe zi, \u00eenainte de mese.<br \/>1 ml=aprox. 25 de pic\u0103turi<br \/>Durata administr\u0103rii poate varia \u00eentre 1-3 luni de zile. Se poate repeta administrarea dup\u0103 1 sau 2 luni de pauz\u0103.<\/p>\n","protected":false},"excerpt":{"rendered":"<p>Niveluri de ac\u0163iune: ficat, splin\u0103, aparat respirator, articula\u0163ii, sistem nervos. Extractul gemoterapic este ob\u0163inut din ml\u0103di\u0163e proaspete de * Caprifoi<\/p>\n","protected":false},"featured_media":12033,"comment_status":"closed","ping_status":"closed","template":"","meta":[],"product_brand":[],"product_cat":[2644],"product_tag":[],"class_list":{"0":"post-11779","1":"product","2":"type-product","3":"status-publish","4":"has-post-thumbnail","6":"product_cat-extracte","8":"first","9":"instock","10":"purchasable","11":"product-type-simple"},"jetpack_sharing_enabled":true,"_links":{"self":[{"href":"https:\/\/phoenixplant.ro\/index.php\/wp-json\/wp\/v2\/product\/11779","targetHints":{"allow":["GET"]}}],"collection":[{"href":"https:\/\/phoenixplant.ro\/index.php\/wp-json\/wp\/v2\/product"}],"about":[{"href":"https:\/\/phoenixplant.ro\/index.php\/wp-json\/wp\/v2\/types\/product"}],"replies":[{"embeddable":true,"href":"https:\/\/phoenixplant.ro\/index.php\/wp-json\/wp\/v2\/comments?post=11779"}],"version-history":[{"count":1,"href":"https:\/\/phoenixplant.ro\/index.php\/wp-json\/wp\/v2\/product\/11779\/revisions"}],"predecessor-version":[{"id":11780,"href":"https:\/\/phoenixplant.ro\/index.php\/wp-json\/wp\/v2\/product\/11779\/revisions\/11780"}],"wp:featuredmedia":[{"embeddable":true,"href":"https:\/\/phoenixplant.ro\/index.php\/wp-json\/wp\/v2\/media\/12033"}],"wp:attachment":[{"href":"https:\/\/phoenixplant.ro\/index.php\/wp-json\/wp\/v2\/media?parent=11779"}],"wp:term":[{"taxonomy":"product_brand","embeddable":true,"href":"https:\/\/phoenixplant.ro\/index.php\/wp-json\/wp\/v2\/product_brand?post=11779"},{"taxonomy":"product_cat","embeddable":true,"href":"https:\/\/phoenixplant.ro\/index.php\/wp-json\/wp\/v2\/product_cat?post=11779"},{"taxonomy":"product_tag","embeddable":true,"href":"https:\/\/phoenixplant.ro\/index.php\/wp-json\/wp\/v2\/product_tag?post=11779"}],"curies":[{"name":"wp","href":"https:\/\/api.w.org\/{rel}","templated":true}]}}