{"id":11731,"date":"2025-03-31T08:38:58","date_gmt":"2025-03-31T08:38:58","guid":{"rendered":"https:\/\/phoenixplant.ro\/index.php\/produs\/optifort\/"},"modified":"2025-03-31T08:38:58","modified_gmt":"2025-03-31T08:38:58","slug":"optifort","status":"publish","type":"product","link":"https:\/\/phoenixplant.ro\/index.php\/produs\/optifort\/","title":{"rendered":"Optifort"},"content":{"rendered":"<p>\u00cembun\u0103t\u0103\u0163e\u015fte vederea \u015fi m\u0103re\u015fte acuitatea vizual\u0103 pe timp de noapte. <br \/>Protejeaz\u0103 circula\u0163ia capilar\u0103 \u015fi venoas\u0103 de la nivelul ochilor. <br \/>Reduce stresul oxidativ de la nivel ocular.<\/p>\n<p>Toate substan\u0163ele active provin din surse naturale. <br \/>Produs standardizat \u00een substan\u0163e active : lutein\u0103, zeaxantin\u0103, antociani, proantocianidine, vitamina A \u015fi vitamina E.<br \/>Administrare o dat\u0103 pe zi.<\/p>\n<p>12 mg lutein\u0103 \u015fi 450 mcg zeaxantin\u0103 \/comprimat<\/p>\n<p><strong>30 comprimate de uz intern<\/strong><\/p>\n<p><strong>Un comprimat con\u0163ine:<\/strong> Extract din flori de Tagetes erecta (Cr\u0103i\u0163\u0103) 120 mg (lutein\u010312 mg \u015fi zeaxantin\u0103 450 mcg), Extract din fructe de Vaccinium uliginosum (Afin nordic) 50 mg (antociani 12,5 mg), Extract din semin\u0163e de Vitis vinifera (Struguri) 50 mg (proantocianidine 98 %), Beta-caroten 24 mg (echivalent la 400 mcg de vitamina A), Vitamina E 6 mg (echivalent la12 mg sol.50% acetat de alfa-tocoferol) \u015fi excipien\u0163i (nu con\u0163ine lactoz\u0103 \u015fi gluten).<\/p>\n<p><strong>Recomand\u0103ri:<\/strong><br \/>Reducerea riscului dezvolt\u0103rii unor boli oculare <br \/>Men\u0163inerea s\u0103n\u0103t\u0103\u0163ii ochilor \u00een cazul suprasolicit\u0103rii acestora <br \/>(ex. la calculator, televizor, pentru conduc\u0103torii auto, etc.)<br \/>Afec\u0163iuni oculare determinate de caren\u0163a vitaminic\u0103 specific\u0103 <br \/>Reducerea inciden\u0163ei afec\u0163iunilor oculare degenerative<\/p>\n<p><strong>Mod de administrare:<\/strong><br \/>Adul\u0163i \u015fi copii peste 12 ani: 1 comprimat pe zi, administrat cu un pahar cu ap\u0103. <br \/>Se recomand\u0103 administrarea \u00een cure de durat\u0103 (3-6 luni), repetate la nevoie.<\/p>\n<p class=\"warning\"><strong>Aten\u0163ion\u0103ri:<\/strong><br \/>Nu se recomand\u0103 administrarea la persoanele alergice la oricare dintre componente.<\/p>\n<p class=\"warning\"><strong>Propuneri de asocieri cu alte produse naturale Plantextrakt:<\/strong><\/p>\n<ul>\n<li class=\"warning\">&nbsp;&nbsp;&nbsp; pentru persoanele care desf\u0103\u015foar\u0103 munc\u0103 la calculator, cure periodice, \u00eempreun\u0103 cu Extract de Orz verde.<\/li>\n<\/ul>\n","protected":false},"excerpt":{"rendered":"<p>\u00cembun\u0103t\u0103\u0163e\u015fte vederea \u015fi m\u0103re\u015fte acuitatea vizual\u0103 pe timp de noapte. Protejeaz\u0103 circula\u0163ia capilar\u0103 \u015fi venoas\u0103 de la nivelul ochilor. Reduce<\/p>\n","protected":false},"featured_media":12087,"comment_status":"closed","ping_status":"open","template":"","meta":[],"product_brand":[],"product_cat":[2643],"product_tag":[],"class_list":{"0":"post-11731","1":"product","2":"type-product","3":"status-publish","4":"has-post-thumbnail","6":"product_cat-fitoterapice","8":"first","9":"instock","10":"product-type-simple"},"jetpack_sharing_enabled":true,"_links":{"self":[{"href":"https:\/\/phoenixplant.ro\/index.php\/wp-json\/wp\/v2\/product\/11731","targetHints":{"allow":["GET"]}}],"collection":[{"href":"https:\/\/phoenixplant.ro\/index.php\/wp-json\/wp\/v2\/product"}],"about":[{"href":"https:\/\/phoenixplant.ro\/index.php\/wp-json\/wp\/v2\/types\/product"}],"replies":[{"embeddable":true,"href":"https:\/\/phoenixplant.ro\/index.php\/wp-json\/wp\/v2\/comments?post=11731"}],"version-history":[{"count":1,"href":"https:\/\/phoenixplant.ro\/index.php\/wp-json\/wp\/v2\/product\/11731\/revisions"}],"predecessor-version":[{"id":11732,"href":"https:\/\/phoenixplant.ro\/index.php\/wp-json\/wp\/v2\/product\/11731\/revisions\/11732"}],"wp:featuredmedia":[{"embeddable":true,"href":"https:\/\/phoenixplant.ro\/index.php\/wp-json\/wp\/v2\/media\/12087"}],"wp:attachment":[{"href":"https:\/\/phoenixplant.ro\/index.php\/wp-json\/wp\/v2\/media?parent=11731"}],"wp:term":[{"taxonomy":"product_brand","embeddable":true,"href":"https:\/\/phoenixplant.ro\/index.php\/wp-json\/wp\/v2\/product_brand?post=11731"},{"taxonomy":"product_cat","embeddable":true,"href":"https:\/\/phoenixplant.ro\/index.php\/wp-json\/wp\/v2\/product_cat?post=11731"},{"taxonomy":"product_tag","embeddable":true,"href":"https:\/\/phoenixplant.ro\/index.php\/wp-json\/wp\/v2\/product_tag?post=11731"}],"curies":[{"name":"wp","href":"https:\/\/api.w.org\/{rel}","templated":true}]}}