{"id":11727,"date":"2025-03-31T08:38:58","date_gmt":"2025-03-31T08:38:58","guid":{"rendered":"https:\/\/phoenixplant.ro\/index.php\/produs\/giardinophyt\/"},"modified":"2025-06-15T11:36:48","modified_gmt":"2025-06-15T11:36:48","slug":"giardinophyt","status":"publish","type":"product","link":"https:\/\/phoenixplant.ro\/index.php\/produs\/giardinophyt\/","title":{"rendered":"Giardinophyt"},"content":{"rendered":"<p class=\"mb-0\"><strong>Con\u021bine:<\/strong><\/p>\n<ul class=\"mt-0\">\n<li><strong>extract de Propolis <\/strong><\/li>\n<li><strong>extracte fitoterapice: <\/strong>Cimbru (<em>Thymus vulgaris<\/em>), semin\u021be de M\u0103rar <em>(Anethum graveolens)<\/em>, Vetrice <em>(Chrysanthemum vulgare)<\/em> \u0219i Cui\u0219oare <em>(Eugenia cariophyllata)<\/em>.<\/li>\n<\/ul>\n<p><strong>Men\u021biuni de s\u0103n\u0103tate (recomand\u0103ri principale):<br \/><\/strong>GiardinoPhyt favorizeaz\u0103 eliminarea parazi\u021bilor intestinali (giardia, oxiuri, limbrici), av\u00e2nd ac\u021biune antihelmintic\u0103.<\/p>\n<p>GiardinoPhyt are ac\u021biune antimicrobian\u0103 intestinal\u0103 (distruge microorganismele \u0219i \u00eempiedic\u0103 \u00eenmul\u021birea lor \u00een intestin) \u0219i ac\u021biune carminativ\u0103 (favorizeaz\u0103 eliminarea gazelor din intestin), put\u00e2nd combate senza\u021bia de vom\u0103 \u0219i grea\u021b\u0103.<\/p>\n<p>Pentru eliminarea parazi\u021bilor intestinali \u0219i prevenirea recidivelor, se recomand\u0103 utilizarea de c\u0103tre to\u021bi membrii familiei, \u00een cure de 7 zile, repetate dup\u0103 o pauz\u0103 de alte 7 zile.<\/p>\n<p><strong>Recomand\u0103ri din partea Prof. Dr. Farm. Ovidiu Bojor, <\/strong>doctor in farmacie Membru al Academiei de \u0218tiin\u021be Medicale,<strong> inventatorului formulei GiardinoPhyt:<\/strong><\/p>\n<p>\u201e<em>\u00cen alimenta\u021bie se vor folosi fructe \u0219i legume: afine, alune, fr\u0103gu\u021be, c\u0103p\u015funi, l\u0103m\u00e2i, m\u0103sline, piersici, hrean ras, morcovi, ceap\u0103, praz, p\u0103trunjel, usturoi \u015fi varz\u0103 alb\u0103. Se recomand\u0103 \u015fi consumul de semin\u021be de dovleac decorticate (nepr\u0103jite \u015fi nes\u0103rate), consumate ca atare sau amestecate bine cu miere de albine \u015fi lapte in p\u0103r\u021bi egale, c\u00e2te 20-30 g pe zi.<br \/>De 3 ori pe s\u0103pt\u0103m\u00e2n\u0103 se va folosi in alimenta\u021bie mujdei de usturoi preparat astfel: peste bulbii (c\u0103\u021beii) de la o c\u0103p\u0103\u021b\u00e2n\u0103 de usturoi, cur\u0103\u021ba\u021bi de coaj\u0103, se pune o linguri\u021b\u0103 de sare grunjoas\u0103 \u015fi o linguri\u021b\u0103 de miere de albine. Se freac\u0103 bine \u00eentr-o piu\u0103 de lemn sau mojar de ceramic\u0103 p\u00e2n\u0103 se ob\u021bine o past\u0103. Se pune o lingur\u0103 de untdelemn \u015fi se continu\u0103 frecarea p\u00e2n\u0103 se ob\u021bine o emulsie. Apoi se adaug\u0103 1-2 linguri de o\u021bet de mere \u015fi se amestec\u0103 \u00een continuare.<br \/>Acest mod de preparare prezint\u0103 avantajul c\u0103 poate fi folosit la asezonarea alimentelor \u015fi la cei care sufer\u0103 de gastrit\u0103 (untdelemnul ap\u0103r\u0103 mucoasa gastric\u0103). Deasemenea a doua zi respira\u021bia nu mai miroase a usturoi.<\/em>\u201d<\/p>\n<p class=\"mb-0\"><strong>Mod de utilizare: <\/strong>solu\u021bia GiardinioPhyt se utilizeaz\u0103 <span style=\"text-decoration: underline;\">diminea\u021ba, \u00eenainte de mas\u0103, diluat\u0103 \u00een pu\u021bin\u0103 ap\u0103<\/span>:<\/p>\n<ul class=\"mt-0\">\n<li><strong>Adul\u021bi \u0219i copii peste 15 ani: 3 ml\/ zi<\/strong><\/li>\n<li><strong>Copii 7-14 ani: 2 ml \/ zi<\/strong><\/li>\n<li><strong>Copii 2-6 ani: 1 ml\/ zi<\/strong><\/li>\n<\/ul>\n<p>Cura dureaz\u0103 7 zile consecutiv, urmate de o pauz\u0103 de 7 zile \u015fi apoi se reia pentru alte 7 zile consecutiv.<\/p>\n<p>1ml = aprox. 25 de pic\u0103turi<br \/>A nu se dep\u0103\u015fi doza recomandat\u0103 pentru consumul zilnic! A se agita \u00eenainte de utilizare!<strong><br \/><\/strong><\/p>\n<p><strong>Caracteristicile ambalajului:<br \/><\/strong>Produsul este ambalat in flacoane de sticl\u0103 brun\u0103 de 30 ml, prev\u0103zute cu dop curg\u0103tor \u015fi capac dozator \u00een ml.<\/p>\n","protected":false},"excerpt":{"rendered":"<p>Con\u021bine: extract de Propolis extracte fitoterapice: Cimbru (Thymus vulgaris), semin\u021be de M\u0103rar (Anethum graveolens), Vetrice (Chrysanthemum vulgare) \u0219i Cui\u0219oare (Eugenia<\/p>\n","protected":false},"featured_media":12019,"comment_status":"closed","ping_status":"closed","template":"","meta":[],"product_brand":[],"product_cat":[2643],"product_tag":[],"class_list":{"0":"post-11727","1":"product","2":"type-product","3":"status-publish","4":"has-post-thumbnail","6":"product_cat-fitoterapice","8":"first","9":"instock","10":"purchasable","11":"product-type-simple"},"jetpack_sharing_enabled":true,"_links":{"self":[{"href":"https:\/\/phoenixplant.ro\/index.php\/wp-json\/wp\/v2\/product\/11727","targetHints":{"allow":["GET"]}}],"collection":[{"href":"https:\/\/phoenixplant.ro\/index.php\/wp-json\/wp\/v2\/product"}],"about":[{"href":"https:\/\/phoenixplant.ro\/index.php\/wp-json\/wp\/v2\/types\/product"}],"replies":[{"embeddable":true,"href":"https:\/\/phoenixplant.ro\/index.php\/wp-json\/wp\/v2\/comments?post=11727"}],"version-history":[{"count":1,"href":"https:\/\/phoenixplant.ro\/index.php\/wp-json\/wp\/v2\/product\/11727\/revisions"}],"predecessor-version":[{"id":11728,"href":"https:\/\/phoenixplant.ro\/index.php\/wp-json\/wp\/v2\/product\/11727\/revisions\/11728"}],"wp:featuredmedia":[{"embeddable":true,"href":"https:\/\/phoenixplant.ro\/index.php\/wp-json\/wp\/v2\/media\/12019"}],"wp:attachment":[{"href":"https:\/\/phoenixplant.ro\/index.php\/wp-json\/wp\/v2\/media?parent=11727"}],"wp:term":[{"taxonomy":"product_brand","embeddable":true,"href":"https:\/\/phoenixplant.ro\/index.php\/wp-json\/wp\/v2\/product_brand?post=11727"},{"taxonomy":"product_cat","embeddable":true,"href":"https:\/\/phoenixplant.ro\/index.php\/wp-json\/wp\/v2\/product_cat?post=11727"},{"taxonomy":"product_tag","embeddable":true,"href":"https:\/\/phoenixplant.ro\/index.php\/wp-json\/wp\/v2\/product_tag?post=11727"}],"curies":[{"name":"wp","href":"https:\/\/api.w.org\/{rel}","templated":true}]}}