{"id":11725,"date":"2025-03-31T08:38:58","date_gmt":"2025-03-31T08:38:58","guid":{"rendered":"https:\/\/phoenixplant.ro\/index.php\/produs\/nasirus-sinus-capsule\/"},"modified":"2025-03-31T08:38:58","modified_gmt":"2025-03-31T08:38:58","slug":"nasirus-sinus-capsule","status":"publish","type":"product","link":"https:\/\/phoenixplant.ro\/index.php\/produs\/nasirus-sinus-capsule\/","title":{"rendered":"Nasirus Sinus capsule"},"content":{"rendered":"<p>30 capsule<\/p>\n<p><strong>Ingrediente:<\/strong><\/p>\n<table class=\"table table-striped\">\n<tbody>\n<tr>\n<td><strong>Ingrediente<\/strong><\/td>\n<td><strong>Con\u021binut \u00een 1 capsul\u0103<\/strong><\/td>\n<td><strong>Con\u021binut \u00een 2 capsule<\/strong><\/td>\n<\/tr>\n<tr>\n<td>Extract din r\u0103d\u0103cin\u0103 de Verbin\u0103<\/td>\n<td>50 mg<\/td>\n<td>100 mg<\/td>\n<\/tr>\n<tr>\n<td>Extract din flori de Soc<\/td>\n<td>50 mg<\/td>\n<td>100 mg<\/td>\n<\/tr>\n<tr>\n<td>Extract din flori de Ciubo\u021bica-cucului<\/td>\n<td>50 mg<\/td>\n<td>100 mg<\/td>\n<\/tr>\n<tr>\n<td>Extract din flori de Lum\u00e2n\u0103ric\u0103<\/td>\n<td>50 mg<\/td>\n<td>100 mg<\/td>\n<\/tr>\n<tr>\n<td>Extract din flori de Pelargonium<\/td>\n<td>30 mg<\/td>\n<td>60 mg<\/td>\n<\/tr>\n<tr>\n<td>Extract din r\u0103d\u0103cin\u0103 de Ghin\u021bur\u0103<\/td>\n<td>20 mg<\/td>\n<td>40 mg<\/td>\n<\/tr>\n<\/tbody>\n<\/table>\n<p><strong>Recomand\u0103ri \u0219i men\u021biuni de s\u0103n\u0103tate:<\/strong><\/p>\n<p>Inflama\u021bia c\u0103ilor respiratorii poate afecta at\u00e2t mucoasa nasului, g\u00e2tului, traheei, bron\u0219ic\u0103, c\u00e2t \u0219i mucoasa sinusurilor. S\u0103n\u0103tatea mucoasei nasului \u0219i a sinusurilor este important\u0103 pentru un bun confort respirator.<\/p>\n<p>Ingredientele naturale din compozi\u021bia Nasirus Sinus capsule contribuie la s\u0103n\u0103tatea mucoasei din c\u0103ile respiratorii:<\/p>\n<ul>\n<li>Extractele din flori de Soc \u0219i Pelargonium sus\u021bin s\u0103n\u0103tatea tractului respirator, pentru un bun confort \u0219i calmeaz\u0103 inflama\u021bia c\u0103ilor respiratorii \u00een mod natural.<\/li>\n<li>Extractele din Ciubo\u021bica-cucului, Lum\u00e2n\u0103ric\u0103 \u0219i Verbin\u0103 calmeaz\u0103 irita\u021bia \u0219i protejeaz\u0103 mucoasa din c\u0103ile respiratorii.<\/li>\n<li>Extractul din r\u0103d\u0103cin\u0103 de Ghin\u021bur\u0103 ajut\u0103 la revigorarea organismului, pentru a face fa\u021ba asteniei fizice care poate ap\u0103rea \u00een cazul inflama\u021biei c\u0103ilor respiratorii.<\/li>\n<\/ul>\n<p><strong>Mod de utilizare<\/strong>:<\/p>\n<p><strong>Adul\u021bi \u0219i copii peste 12 ani:<\/strong> 1-2 capsule pe zi.<\/p>\n<p class=\"lead\"><i class=\"fa fa-eye\" aria-hidden=\"true\"><\/i> Cite\u0219te bro\u0219ura Nasirus Sinus<\/p>\n<p>{gallery}minighid\/nasirus:100:100:1:0::{\/gallery}<\/p>\n<p><a href=\"images\/minighid\/brosura-NASIRUS-SINUS.pdf\" target=\"_blank\"><i class=\"fa fa-download\" aria-hidden=\"true\"><\/i> Descarc\u0103 bro\u0219ura Nasirus Sinus<\/a><\/p>\n","protected":false},"excerpt":{"rendered":"<p>30 capsule Ingrediente: Ingrediente Con\u021binut \u00een 1 capsul\u0103 Con\u021binut \u00een 2 capsule Extract din r\u0103d\u0103cin\u0103 de Verbin\u0103 50 mg 100<\/p>\n","protected":false},"featured_media":12084,"comment_status":"closed","ping_status":"open","template":"","meta":[],"product_brand":[],"product_cat":[2643],"product_tag":[],"class_list":{"0":"post-11725","1":"product","2":"type-product","3":"status-publish","4":"has-post-thumbnail","6":"product_cat-fitoterapice","8":"first","9":"instock","10":"product-type-simple"},"jetpack_sharing_enabled":true,"_links":{"self":[{"href":"https:\/\/phoenixplant.ro\/index.php\/wp-json\/wp\/v2\/product\/11725","targetHints":{"allow":["GET"]}}],"collection":[{"href":"https:\/\/phoenixplant.ro\/index.php\/wp-json\/wp\/v2\/product"}],"about":[{"href":"https:\/\/phoenixplant.ro\/index.php\/wp-json\/wp\/v2\/types\/product"}],"replies":[{"embeddable":true,"href":"https:\/\/phoenixplant.ro\/index.php\/wp-json\/wp\/v2\/comments?post=11725"}],"version-history":[{"count":1,"href":"https:\/\/phoenixplant.ro\/index.php\/wp-json\/wp\/v2\/product\/11725\/revisions"}],"predecessor-version":[{"id":11726,"href":"https:\/\/phoenixplant.ro\/index.php\/wp-json\/wp\/v2\/product\/11725\/revisions\/11726"}],"wp:featuredmedia":[{"embeddable":true,"href":"https:\/\/phoenixplant.ro\/index.php\/wp-json\/wp\/v2\/media\/12084"}],"wp:attachment":[{"href":"https:\/\/phoenixplant.ro\/index.php\/wp-json\/wp\/v2\/media?parent=11725"}],"wp:term":[{"taxonomy":"product_brand","embeddable":true,"href":"https:\/\/phoenixplant.ro\/index.php\/wp-json\/wp\/v2\/product_brand?post=11725"},{"taxonomy":"product_cat","embeddable":true,"href":"https:\/\/phoenixplant.ro\/index.php\/wp-json\/wp\/v2\/product_cat?post=11725"},{"taxonomy":"product_tag","embeddable":true,"href":"https:\/\/phoenixplant.ro\/index.php\/wp-json\/wp\/v2\/product_tag?post=11725"}],"curies":[{"name":"wp","href":"https:\/\/api.w.org\/{rel}","templated":true}]}}