{"id":11723,"date":"2025-03-31T08:38:58","date_gmt":"2025-03-31T08:38:58","guid":{"rendered":"https:\/\/phoenixplant.ro\/index.php\/produs\/mira-apa-de-gura-concentrata\/"},"modified":"2025-03-31T08:38:58","modified_gmt":"2025-03-31T08:38:58","slug":"mira-apa-de-gura-concentrata","status":"publish","type":"product","link":"https:\/\/phoenixplant.ro\/index.php\/produs\/mira-apa-de-gura-concentrata\/","title":{"rendered":"Mira &#8211; ap\u0103 de gur\u0103 concentrat\u0103"},"content":{"rendered":"<p>2 litri de ap\u0103 de gur\u0103 concentrat\u0103 \u00een 20 ml produs. <br \/>Igiena cavit\u0103\u0163ii bucale. <br \/>Stomatite, gingivite. <br \/>Dureri cauzate de presiunea protezelor dentare. <br \/>St\u0103ri inflamatorii ale g\u00e2tului.<\/p>\n<p><strong>Solu\u0163ie pentru uz extern, flacon de 20ml cu dop picur\u0103tor<\/strong><\/p>\n<p><strong>Compozi\u0163ie:<\/strong> extract hidroalcoolic din oleogumirezina Myrrha vera. Contine alcool etilic de cereale 85 % vol.<\/p>\n<p><strong>Recomand\u0103ri:<\/strong><br \/>Igiena cavitatii bucale<br \/>Stari inflamatorii ale cavitatii bucale (stomatite, gingivite) si g\u00e2tului<br \/>Dureri cauzate de presiunea protezelor dentare<br \/>Ap\u0103 de gur\u0103 cu efect dezinfectant, dezodorizant, antiinflamator, stimuleaza formarea tesutului de granulatie.<\/p>\n<p><strong>Mod de administrare:<\/strong><br \/>Pentru igienizarea cavitatii bucale se dilueaza 15-20 de picaturi la un pahar cu apa &#8211; pentru gargara. Pentru inflamatii ale cavitatii bucale 10 picaturi se dilueaza cu o lingurita de apa si se clateste energic 30 de secunde insist\u00e2nd pe zonele afectate. Pentru inflamatii ale g\u00e2tului se dilueaza 25-30 de picaturi la un pahar cu apa pentru gargara.<\/p>\n<p><strong>Propuneri de asocieri cu alte produse naturale Plantextrakt:<\/strong><\/p>\n<ul>\n<li>&nbsp;&nbsp;&nbsp; \u00een inflama\u0163ii ale cavit\u0103\u0163ii bucale \u015fi g\u00e2tului, cu Polygemma 5 \u2013 Cavitate bucal\u0103, g\u00e2t (administrare intern\u0103).<\/li>\n<\/ul>\n","protected":false},"excerpt":{"rendered":"<p>2 litri de ap\u0103 de gur\u0103 concentrat\u0103 \u00een 20 ml produs. Igiena cavit\u0103\u0163ii bucale. Stomatite, gingivite. Dureri cauzate de presiunea<\/p>\n","protected":false},"featured_media":12031,"comment_status":"closed","ping_status":"open","template":"","meta":[],"product_brand":[],"product_cat":[2643],"product_tag":[],"class_list":{"0":"post-11723","1":"product","2":"type-product","3":"status-publish","4":"has-post-thumbnail","6":"product_cat-fitoterapice","8":"first","9":"instock","10":"product-type-simple"},"jetpack_sharing_enabled":true,"_links":{"self":[{"href":"https:\/\/phoenixplant.ro\/index.php\/wp-json\/wp\/v2\/product\/11723","targetHints":{"allow":["GET"]}}],"collection":[{"href":"https:\/\/phoenixplant.ro\/index.php\/wp-json\/wp\/v2\/product"}],"about":[{"href":"https:\/\/phoenixplant.ro\/index.php\/wp-json\/wp\/v2\/types\/product"}],"replies":[{"embeddable":true,"href":"https:\/\/phoenixplant.ro\/index.php\/wp-json\/wp\/v2\/comments?post=11723"}],"version-history":[{"count":1,"href":"https:\/\/phoenixplant.ro\/index.php\/wp-json\/wp\/v2\/product\/11723\/revisions"}],"predecessor-version":[{"id":11724,"href":"https:\/\/phoenixplant.ro\/index.php\/wp-json\/wp\/v2\/product\/11723\/revisions\/11724"}],"wp:featuredmedia":[{"embeddable":true,"href":"https:\/\/phoenixplant.ro\/index.php\/wp-json\/wp\/v2\/media\/12031"}],"wp:attachment":[{"href":"https:\/\/phoenixplant.ro\/index.php\/wp-json\/wp\/v2\/media?parent=11723"}],"wp:term":[{"taxonomy":"product_brand","embeddable":true,"href":"https:\/\/phoenixplant.ro\/index.php\/wp-json\/wp\/v2\/product_brand?post=11723"},{"taxonomy":"product_cat","embeddable":true,"href":"https:\/\/phoenixplant.ro\/index.php\/wp-json\/wp\/v2\/product_cat?post=11723"},{"taxonomy":"product_tag","embeddable":true,"href":"https:\/\/phoenixplant.ro\/index.php\/wp-json\/wp\/v2\/product_tag?post=11723"}],"curies":[{"name":"wp","href":"https:\/\/api.w.org\/{rel}","templated":true}]}}