{"id":11717,"date":"2025-03-31T08:38:33","date_gmt":"2025-03-31T08:38:33","guid":{"rendered":"https:\/\/phoenixplant.ro\/index.php\/produs\/imunorezistan-forte-raceala-si-gripa\/"},"modified":"2025-05-19T15:39:46","modified_gmt":"2025-05-19T15:39:46","slug":"imunorezistan-forte-raceala-si-gripa","status":"publish","type":"product","link":"https:\/\/phoenixplant.ro\/index.php\/produs\/imunorezistan-forte-raceala-si-gripa\/","title":{"rendered":"Imunorezistan forte r\u0103ceal\u0103 \u0219i grip\u0103"},"content":{"rendered":"<p><strong>Con\u021bine: <\/strong><\/p>\n<ul>\n<li>Suc stabilizat \u015fi standardizat ob\u0163inut prin presare la rece din herba \u00eenflorit\u0103 de <em>Echinacea purpurea<\/em><\/li>\n<li>Extract de <em>Eleutherococcus senticosus,<\/em><\/li>\n<li>Extract de <em>Pelargonium sidoides<\/em> (Umckaloabo),<\/li>\n<li>Extract de <em>Eupatorium perfoliatum.<\/em><\/li>\n<\/ul>\n<p>&nbsp;Alcool etilic de cereale 30 % vol.<\/p>\n<p><strong>Men\u021biuni de s\u0103n\u0103tate (recomand\u0103ri principale):<br \/><\/strong>Ingredientele naturale din compozi\u021bia I<strong>munorezistan forte r\u0103ceal\u0103 \u0219i grip\u0103 <\/strong>sus\u021bin refacerea \u0219i revitalizarea organismului \u00een timpul virozelor \u0219i infec\u021biilor respiratorii.<\/p>\n<p>Se recomand\u0103 utilizarea de la primele semne precum: dureri musculare,cefaleea sociat\u0103 cu globi oculari durero\u0219i.<\/p>\n<p><strong>Mod de utilizare:<\/strong><\/p>\n<ul>\n<li><strong>Adul\u0163i \u015fi copii peste 7 ani<\/strong>: 2 ml de 3 ori\/zi;<\/li>\n<\/ul>\n<p>\u00cen prima zi se utilizeaz\u0103 c\u00e2te 2ml de 5-7 ori\/zi.<\/p>\n<p>Se continu\u0103 utilizarea timp de 3-4 zile \u015fi dup\u0103 \u00eembun\u0103t\u0103\u0163irea st\u0103rii generale.<\/p>\n<p><strong>Caracteristicile ambalajului:<br \/><\/strong>Produsul este ambalat \u00een flacoane de sticl\u0103 de 50 ml prev\u0103zut cu capac dozator.<\/p>\n","protected":false},"excerpt":{"rendered":"<p>Con\u021bine: Suc stabilizat \u015fi standardizat ob\u0163inut prin presare la rece din herba \u00eenflorit\u0103 de Echinacea purpurea Extract de Eleutherococcus senticosus,<\/p>\n","protected":false},"featured_media":12023,"comment_status":"closed","ping_status":"closed","template":"","meta":[],"product_brand":[],"product_cat":[2643],"product_tag":[],"class_list":{"0":"post-11717","1":"product","2":"type-product","3":"status-publish","4":"has-post-thumbnail","6":"product_cat-fitoterapice","8":"first","9":"instock","10":"purchasable","11":"product-type-simple"},"jetpack_sharing_enabled":true,"_links":{"self":[{"href":"https:\/\/phoenixplant.ro\/index.php\/wp-json\/wp\/v2\/product\/11717","targetHints":{"allow":["GET"]}}],"collection":[{"href":"https:\/\/phoenixplant.ro\/index.php\/wp-json\/wp\/v2\/product"}],"about":[{"href":"https:\/\/phoenixplant.ro\/index.php\/wp-json\/wp\/v2\/types\/product"}],"replies":[{"embeddable":true,"href":"https:\/\/phoenixplant.ro\/index.php\/wp-json\/wp\/v2\/comments?post=11717"}],"version-history":[{"count":1,"href":"https:\/\/phoenixplant.ro\/index.php\/wp-json\/wp\/v2\/product\/11717\/revisions"}],"predecessor-version":[{"id":11718,"href":"https:\/\/phoenixplant.ro\/index.php\/wp-json\/wp\/v2\/product\/11717\/revisions\/11718"}],"wp:featuredmedia":[{"embeddable":true,"href":"https:\/\/phoenixplant.ro\/index.php\/wp-json\/wp\/v2\/media\/12023"}],"wp:attachment":[{"href":"https:\/\/phoenixplant.ro\/index.php\/wp-json\/wp\/v2\/media?parent=11717"}],"wp:term":[{"taxonomy":"product_brand","embeddable":true,"href":"https:\/\/phoenixplant.ro\/index.php\/wp-json\/wp\/v2\/product_brand?post=11717"},{"taxonomy":"product_cat","embeddable":true,"href":"https:\/\/phoenixplant.ro\/index.php\/wp-json\/wp\/v2\/product_cat?post=11717"},{"taxonomy":"product_tag","embeddable":true,"href":"https:\/\/phoenixplant.ro\/index.php\/wp-json\/wp\/v2\/product_tag?post=11717"}],"curies":[{"name":"wp","href":"https:\/\/api.w.org\/{rel}","templated":true}]}}