{"id":11715,"date":"2025-03-31T08:38:33","date_gmt":"2025-03-31T08:38:33","guid":{"rendered":"https:\/\/phoenixplant.ro\/index.php\/produs\/imunogrip-plus-zinc-si-vitamina-c\/"},"modified":"2025-03-31T08:38:36","modified_gmt":"2025-03-31T08:38:36","slug":"imunogrip-plus-zinc-si-vitamina-c","status":"publish","type":"product","link":"https:\/\/phoenixplant.ro\/index.php\/produs\/imunogrip-plus-zinc-si-vitamina-c\/","title":{"rendered":"Imunogrip Plus Zinc \u0219i Vitamina C"},"content":{"rendered":"<h3>Stimulator imunitar general cu doza zilnic\u0103 recomandat\u0103 de Zn \u0219i Vitamina C<\/h3>\n<p><strong>Reduce inciden\u0163a infec\u0163iilor gripale \u015fi a altor infec\u0163ii respiratorii<\/strong><br \/><strong>Reduce inciden\u0163a complica\u0163iilor din infec\u0163iile gripale \u015fi alte infec\u0163ii respiratorii<\/strong><br \/><strong>Efecte imediate f\u0103r\u0103 \u015focuri fiziologice<\/strong><\/p>\n<p>Prin prelucrare \u00een stare proaspat\u0103 \u015fi extrac\u0163ie la rece (metoda de fabrica\u0163ie Plantextrakt) se p\u0103streaz\u0103 nealterat fitocomplexul responsabil de ac\u0163iunea terapeutic\u0103.<\/p>\n<p><strong>Compozi\u0163ie<\/strong>: suc stabilizat \u015fi standardizat ob\u0163inut prin presare la rece din herba \u00eenflorit\u0103 de Echinacea purpurea (din cultura ecologic\u0103 a Laboratoarelor Plantextrakt), extract din fructe de M\u0103ce\u0219,<\/p>\n<p>Vitamina C natural\u0103 din fructe de M\u0103ce\u0219, sare de Zinc. Con\u0163ine alcool etilic de cereale 16 % vol.<\/p>\n<p><strong>Recomand\u0103ri<\/strong>:<br \/>Cure pentru cre\u015fterea rezisten\u0163ei organismului, \u00een:<\/p>\n<ul>\n<li>diferite st\u0103ri cu imunitate sc\u0103zut\u0103,<\/li>\n<li>perioade cu risc crescut de \u00eemboln\u0103vire (\u00eenaintea perioadei \u015fi \u00een perioada de expunere la virusurile gripale), \u00een special la grupele cu risc crescut de \u00eemboln\u0103vire (v\u00e2rstnici, teren astenic), persoanelor din colectivit\u0103\u0163i (cadre medicale, profesori, func\u0163ionari publici, elevi, etc.)<\/li>\n<li>infec\u0163ii respiratorii recurente,<\/li>\n<li>convalescen\u0163\u0103 dup\u0103 boli infecto-contagioase.<\/li>\n<\/ul>\n<p>Stimul\u00e2nd proliferarea celulelor imunocompetente, f\u0103r\u0103 s\u0103 provoace reac\u0163ii de memorare din partea acestora, trebuie administrat la intervale determinate \u015fi pentru un anumit timp (nu \u00een mod continuu), mecanismele stimulate pe aceast\u0103 cale fiind supuse unui training celular. Pentru sucul stabilizat de Echinacea purpurea s-a stabilit, \u00een urma unor studii, un ritm al administr\u0103rilor de 4 zile, urmate de alte 4 zile de pauz\u0103, nu mai mult de o perioad\u0103 de 6 s\u0103pt\u0103m\u00e2ni.<\/p>\n<p><strong>Contraindica\u0163ii<\/strong>: boli autoimune, tumori maligne. Se administreaz\u0103 cu pruden\u0163\u0103 \u00een afec\u0163iuni sistemice: tuberculoz\u0103, leucoze, colagenoze, scleroz\u0103 multipl\u0103, AIDS.<\/p>\n<p><strong>Reac\u0163ii adverse<\/strong>: foarte rar, reac\u0163ii de tip alergic, la persoanele alergice la polenul plantelor din familia Asteraceae (exemplu: mu\u015fe\u0163elul, p\u0103p\u0103dia, g\u0103lbenelele etc.), caz \u00een care se recomand\u0103 \u00eentreruperea tratamentului \u015fi consultarea medicului.<\/p>\n<p><strong>Mod de administrare<\/strong>: adul\u0163i \u015fi copii peste 7 ani: c\u00e2te 3 ml, cu ajutorul capacului dozator de 3 ori pe zi, \u00een pu\u0163in\u0103 ap\u0103, timp de 4 zile; dup\u0103 o pauz\u0103 de 4 zile se repet\u0103 administrarea; repetarea ciclului de tratament nu trebuie s\u0103 dep\u0103\u015feasc\u0103 6 s\u0103pt\u0103m\u00e2ni.<\/p>\n<p><strong>A se agita \u00eenainte de administrare!<\/strong><\/p>\n<p><strong>Mod de prezentare<\/strong>: cutie con\u0163in\u00e2nd sticl\u0103 de 50 ml prev\u0103zut\u0103 cu capac dozato r.<\/p>\n","protected":false},"excerpt":{"rendered":"<p>Stimulator imunitar general cu doza zilnic\u0103 recomandat\u0103 de Zn \u0219i Vitamina C Reduce inciden\u0163a infec\u0163iilor gripale \u015fi a altor infec\u0163ii<\/p>\n","protected":false},"featured_media":12022,"comment_status":"closed","ping_status":"open","template":"","meta":[],"product_brand":[],"product_cat":[2643],"product_tag":[],"class_list":{"0":"post-11715","1":"product","2":"type-product","3":"status-publish","4":"has-post-thumbnail","6":"product_cat-fitoterapice","8":"first","9":"instock","10":"product-type-simple"},"jetpack_sharing_enabled":true,"_links":{"self":[{"href":"https:\/\/phoenixplant.ro\/index.php\/wp-json\/wp\/v2\/product\/11715","targetHints":{"allow":["GET"]}}],"collection":[{"href":"https:\/\/phoenixplant.ro\/index.php\/wp-json\/wp\/v2\/product"}],"about":[{"href":"https:\/\/phoenixplant.ro\/index.php\/wp-json\/wp\/v2\/types\/product"}],"replies":[{"embeddable":true,"href":"https:\/\/phoenixplant.ro\/index.php\/wp-json\/wp\/v2\/comments?post=11715"}],"version-history":[{"count":1,"href":"https:\/\/phoenixplant.ro\/index.php\/wp-json\/wp\/v2\/product\/11715\/revisions"}],"predecessor-version":[{"id":11716,"href":"https:\/\/phoenixplant.ro\/index.php\/wp-json\/wp\/v2\/product\/11715\/revisions\/11716"}],"wp:featuredmedia":[{"embeddable":true,"href":"https:\/\/phoenixplant.ro\/index.php\/wp-json\/wp\/v2\/media\/12022"}],"wp:attachment":[{"href":"https:\/\/phoenixplant.ro\/index.php\/wp-json\/wp\/v2\/media?parent=11715"}],"wp:term":[{"taxonomy":"product_brand","embeddable":true,"href":"https:\/\/phoenixplant.ro\/index.php\/wp-json\/wp\/v2\/product_brand?post=11715"},{"taxonomy":"product_cat","embeddable":true,"href":"https:\/\/phoenixplant.ro\/index.php\/wp-json\/wp\/v2\/product_cat?post=11715"},{"taxonomy":"product_tag","embeddable":true,"href":"https:\/\/phoenixplant.ro\/index.php\/wp-json\/wp\/v2\/product_tag?post=11715"}],"curies":[{"name":"wp","href":"https:\/\/api.w.org\/{rel}","templated":true}]}}