{"id":11713,"date":"2025-03-31T08:38:33","date_gmt":"2025-03-31T08:38:33","guid":{"rendered":"https:\/\/phoenixplant.ro\/index.php\/produs\/imunogrip-junior\/"},"modified":"2025-06-15T11:37:27","modified_gmt":"2025-06-15T11:37:27","slug":"imunogrip-junior","status":"publish","type":"product","link":"https:\/\/phoenixplant.ro\/index.php\/produs\/imunogrip-junior\/","title":{"rendered":"Imunogrip Junior"},"content":{"rendered":"<h3>\u00cent\u0103ritor imunitar pentru copii<\/h3>\n<p><strong>Sirop, flacon de 100 ml cu capac dozator<\/strong><\/p>\n<p>Reduce inciden\u0163a infec\u0163iilor gripale \u015fi a altor infec\u0163ii respiratorii<br \/>Reduce inciden\u0163a complica\u0163iilor din infec\u0163iile gripale \u015fi alte infec\u0163ii respiratorii<br \/>Efecte imediate f\u0103r\u0103 \u015focuri fiziologice<br \/>Aport de vitamine, minerale \u015fi oligoelemente esen\u0163iale din surse naturale<br \/>Bine tolerat de organism<br \/>Gust pl\u0103cut de sirop natural de fructe<br \/>U\u015for de administrat<\/p>\n<p>Prin prelucrare \u00een stare proaspat\u0103 \u015fi extrac\u0163ie la rece (metoda de fabrica\u0163ie Plantextrakt) se p\u0103streaz\u0103 nealterat fitocomplexul responsabil de ac\u0163iunea terapeutic\u0103.<br \/><strong>Compozi\u0163ie:<\/strong> suc stabilizat \u015fi standardizat, ob\u0163inut prin presare la rece din herba \u00eenflorit\u0103 de Echinacea purpurea (din cultur\u0103 ecologic\u0103), macerat glicerinic din ml\u0103di\u0163e de M\u0103ce\u015f Rosa canina \u2013 MG=D1g (recoltare ecologic\u0103 certificat\u0103), extracte vegetale, ob\u0163inute prin presare la rece cu zah\u0103r invertit, din fructe bogate \u00een vitamine \u015fi minerale: Afin (Vaccinium myrtillus), Coac\u0103z negru (Ribes nigrum), M\u0103ce\u015f (Rosa canina), C\u0103tin\u0103 (Hippophae rhamnoides).<\/p>\n<p class=\"nomarginbottom\"><strong>Recomand\u0103ri:<\/strong><\/p>\n<h4>Cre\u015fterea rezisten\u0163ei organismului:<\/h4>\n<ul>\n<li>\u00een perioade cu risc crescut de apari\u0163ie a infec\u0163iilor gripale \u015fi a altor infec\u0163ii respiratorii (cea mai bun\u0103 protec\u0163ie o ofer\u0103 administrarea cu cel pu\u0163in o lun\u0103 \u00eenainte de expunere la virusul gripal, astfel \u00eenc\u00e2t r\u0103spunsul imunitar s\u0103 fie asigurat -septembrie \u2013 octombrie; februarie \u2013 martie)<\/li>\n<li>\u00een caz de infec\u0163ii gripale \u015fi alte infec\u0163ii respiratorii<\/li>\n<li>\u00een convalescen\u0163\u0103<\/li>\n<li>\u00een st\u0103ri cu imunitate sc\u0103zut\u0103<\/li>\n<li>pentru cre\u015fterea armonioas\u0103 a copilului &#8211; cure de \u00eentre\u0163inere (indicat \u00een special \u00een perioada de trecere de la iarn\u0103 la prim\u0103var\u0103 c\u00e2nd organismul este sl\u0103bit).<\/li>\n<\/ul>\n<p><strong>Mod de administrare:<\/strong><\/p>\n<ul>\n<li>1 \u2013 2 ani:&nbsp; 3 ml de 2 ori pe zi;<\/li>\n<li>2 \u2013 4 ani:&nbsp; 3 ml de 3 ori pe zi;<\/li>\n<li>5 \u2013 7 ani:&nbsp; 5 ml de 3 ori pe zi;<\/li>\n<li>peste 7 ani: 5 ml de 5 ori pe zi.<\/li>\n<\/ul>\n<p>Produsul se poate administra \u015fi diluat \u00een pu\u0163in\u0103 ap\u0103, \u00een capacul dozator.<br \/>&nbsp;<br \/>Administrarea se face \u00eentr-un ciclu de 4 zile urmate de 4 zile pauz\u0103. Acest ritm de administrare a fost stabilit \u00een urma studiilor efectuate la nivel european pe sucul presat de Echinacea purpurea. Stimul\u00e2nd proliferarea celulelor imunocompetente, f\u0103r\u0103 s\u0103 provoace reac\u0163ii de memorare din partea acestora, trebuie administrat la intervale determinate, mecanismele stimulate pe aceast\u0103 cale fiind supuse unui training.<br \/>Administrarea se va face pentru o perioad\u0103 de maxim 4 &#8211; 6 s\u0103pt\u0103m\u00e2ni.<\/p>\n<p class=\"alert alert-warning\"><strong>Aten\u0163ionare:<\/strong><br \/>Nu se administreaz\u0103 concomitent cu vaccin\u0103rile (se va administra dup\u0103 4-6 s\u0103ptam\u00e2ni de la efectuarea vaccinului).<br \/>Datorit\u0103 programului de vaccin\u0103ri a copiilor sub 1 an, este mai dificil\u0103 administrarea acestora.<\/p>\n<p class=\"text-center\"><img fetchpriority=\"high\" decoding=\"async\" src=\"images\/gama-junior.jpg\" alt=\"Gama Junior - Siropuri pentru copii\" width=\"880\" height=\"462\" \/><\/p>\n<p>Pentru copiii peste 7 ani, se poate alege \u00eentre administrarea de <a href=\"index.php?option=com_content&amp;view=article&amp;id=206:imunogrip-junior&amp;catid=28:fitoterapice&amp;lang=ro-RO&amp;Itemid=765\" target=\"_blank\">IMUNOGRIP JUNIOR<\/a> sau IMUNOGRIP.<\/p>\n<p><strong>Propuneri de asocieri cu alte produse naturale Plantextrakt:<\/strong><\/p>\n<ul>\n<li>pentru copiii anemici, administrare alternativ\u0103 (\u00een pauza de 4 zile dintre 2 administr\u0103ri) cu <a href=\"index.php?option=com_content&amp;view=article&amp;id=200:energotonic-junior-vitamine&amp;catid=28:fitoterapice&amp;lang=ro-RO&amp;Itemid=757\" target=\"_blank\">Energotonic junior Vitamine<\/a>.<\/li>\n<\/ul>\n","protected":false},"excerpt":{"rendered":"<p>\u00cent\u0103ritor imunitar pentru copii Sirop, flacon de 100 ml cu capac dozator Reduce inciden\u0163a infec\u0163iilor gripale \u015fi a altor infec\u0163ii<\/p>\n","protected":false},"featured_media":12021,"comment_status":"closed","ping_status":"closed","template":"","meta":[],"product_brand":[],"product_cat":[2643],"product_tag":[],"class_list":{"0":"post-11713","1":"product","2":"type-product","3":"status-publish","4":"has-post-thumbnail","6":"product_cat-fitoterapice","8":"first","9":"instock","10":"purchasable","11":"product-type-simple"},"jetpack_sharing_enabled":true,"_links":{"self":[{"href":"https:\/\/phoenixplant.ro\/index.php\/wp-json\/wp\/v2\/product\/11713","targetHints":{"allow":["GET"]}}],"collection":[{"href":"https:\/\/phoenixplant.ro\/index.php\/wp-json\/wp\/v2\/product"}],"about":[{"href":"https:\/\/phoenixplant.ro\/index.php\/wp-json\/wp\/v2\/types\/product"}],"replies":[{"embeddable":true,"href":"https:\/\/phoenixplant.ro\/index.php\/wp-json\/wp\/v2\/comments?post=11713"}],"version-history":[{"count":1,"href":"https:\/\/phoenixplant.ro\/index.php\/wp-json\/wp\/v2\/product\/11713\/revisions"}],"predecessor-version":[{"id":11714,"href":"https:\/\/phoenixplant.ro\/index.php\/wp-json\/wp\/v2\/product\/11713\/revisions\/11714"}],"wp:featuredmedia":[{"embeddable":true,"href":"https:\/\/phoenixplant.ro\/index.php\/wp-json\/wp\/v2\/media\/12021"}],"wp:attachment":[{"href":"https:\/\/phoenixplant.ro\/index.php\/wp-json\/wp\/v2\/media?parent=11713"}],"wp:term":[{"taxonomy":"product_brand","embeddable":true,"href":"https:\/\/phoenixplant.ro\/index.php\/wp-json\/wp\/v2\/product_brand?post=11713"},{"taxonomy":"product_cat","embeddable":true,"href":"https:\/\/phoenixplant.ro\/index.php\/wp-json\/wp\/v2\/product_cat?post=11713"},{"taxonomy":"product_tag","embeddable":true,"href":"https:\/\/phoenixplant.ro\/index.php\/wp-json\/wp\/v2\/product_tag?post=11713"}],"curies":[{"name":"wp","href":"https:\/\/api.w.org\/{rel}","templated":true}]}}