{"id":10670,"date":"2025-03-06T11:54:35","date_gmt":"2025-03-06T11:54:35","guid":{"rendered":"https:\/\/phoenixplant.ro\/index.php\/produs\/plantusin-forte-r22-sirop-tuse-12-plicuri-a-cate-10-ml-sirop\/"},"modified":"2025-03-27T10:01:14","modified_gmt":"2025-03-27T10:01:14","slug":"plantusin-forte-r22-sirop-tuse-12-plicuri-a-cate-10-ml-sirop","status":"publish","type":"product","link":"https:\/\/phoenixplant.ro\/index.php\/produs\/plantusin-forte-r22-sirop-tuse-12-plicuri-a-cate-10-ml-sirop\/","title":{"rendered":"Plantusin forte, R22, sirop tuse (12 plicuri a cate 10 ml sirop)"},"content":{"rendered":"<p>Materiale de prezentare\u00a0 Pliant pt consumatoriPliant pt specialisti\u00a0Acest produs face parte din recomand\u0103rile echipei medicale Fares contra tusei.Antitusiv natural eficient \u00een tusea productiv\u0103, seac\u0103, spastic\u0103. Re\u0163et\u0103 complex\u0103 cu 18 plante medicinale \u015fi 7 uleiuri esen\u0163iale. Combina\u0163ia dintre plante medicinale \u015fi uleiuri esen\u0163iale confer\u0103 produsului efect de fluidificare a secre\u0163iilor bron\u015fice, u\u015fur\u00e2nd expectora\u0163ia \u00een tusea productiv\u0103 \u015fi calmeaz\u0103 irita\u0163ia mucoaselor respiratorii prin formarea unui strat protector la nivelul acestora.Astfel, siropul de tuse Plantusin Forte con\u021bine cel mai mare num\u0103r de plante medicinale \u0219i uleiuri esen\u021biale din gama Plantusin.\u00cen peste 25 de ani, echipa de medici, farmaci\u0219ti \u0219i biologi a dezvoltat continuu re\u021betele Plantusin.Concentra\u021bia mare de ingrediente active naturale asigur\u0103 efectul puternic antitusiv.Recomand\u0103ri:tuse cu expectora\u0163ie, spastic\u0103, iritativ\u0103;bron\u015fit\u0103, astm bron\u015fic;afec\u0163iuni pulmonare cronice.\u00a0<\/p>\n","protected":false},"excerpt":{"rendered":"<p>Materiale de prezentare\u00a0 Pliant pt consumatoriPliant pt specialisti\u00a0Acest produs face parte din recomand\u0103rile echipei medicale Fares contra tusei.Antitusiv natural eficient<\/p>\n","protected":false},"featured_media":10672,"comment_status":"closed","ping_status":"closed","template":"","meta":[],"product_brand":[],"product_cat":[2642],"product_tag":[],"class_list":{"0":"post-10670","1":"product","2":"type-product","3":"status-publish","4":"has-post-thumbnail","6":"product_cat-siropuri-terapeutice","8":"first","9":"instock","10":"purchasable","11":"product-type-simple"},"jetpack_sharing_enabled":true,"_links":{"self":[{"href":"https:\/\/phoenixplant.ro\/index.php\/wp-json\/wp\/v2\/product\/10670","targetHints":{"allow":["GET"]}}],"collection":[{"href":"https:\/\/phoenixplant.ro\/index.php\/wp-json\/wp\/v2\/product"}],"about":[{"href":"https:\/\/phoenixplant.ro\/index.php\/wp-json\/wp\/v2\/types\/product"}],"replies":[{"embeddable":true,"href":"https:\/\/phoenixplant.ro\/index.php\/wp-json\/wp\/v2\/comments?post=10670"}],"version-history":[{"count":1,"href":"https:\/\/phoenixplant.ro\/index.php\/wp-json\/wp\/v2\/product\/10670\/revisions"}],"predecessor-version":[{"id":11634,"href":"https:\/\/phoenixplant.ro\/index.php\/wp-json\/wp\/v2\/product\/10670\/revisions\/11634"}],"wp:featuredmedia":[{"embeddable":true,"href":"https:\/\/phoenixplant.ro\/index.php\/wp-json\/wp\/v2\/media\/10672"}],"wp:attachment":[{"href":"https:\/\/phoenixplant.ro\/index.php\/wp-json\/wp\/v2\/media?parent=10670"}],"wp:term":[{"taxonomy":"product_brand","embeddable":true,"href":"https:\/\/phoenixplant.ro\/index.php\/wp-json\/wp\/v2\/product_brand?post=10670"},{"taxonomy":"product_cat","embeddable":true,"href":"https:\/\/phoenixplant.ro\/index.php\/wp-json\/wp\/v2\/product_cat?post=10670"},{"taxonomy":"product_tag","embeddable":true,"href":"https:\/\/phoenixplant.ro\/index.php\/wp-json\/wp\/v2\/product_tag?post=10670"}],"curies":[{"name":"wp","href":"https:\/\/api.w.org\/{rel}","templated":true}]}}